{"id":1229,"date":"2024-07-31T14:24:11","date_gmt":"2024-07-31T12:24:11","guid":{"rendered":"https:\/\/jakcieplo.pl\/?page_id=1229"},"modified":"2025-01-10T07:51:23","modified_gmt":"2025-01-10T06:51:23","slug":"instrukcja-palenia","status":"publish","type":"page","link":"https:\/\/jakcieplo.pl\/en\/instrukcja-palenia\/","title":{"rendered":"Candle Burning Instructions"},"content":{"rendered":"<div data-elementor-type=\"wp-page\" data-elementor-id=\"1229\" class=\"elementor elementor-1229\">\n\t\t\t\t\t\t<section class=\"elementor-section elementor-top-section elementor-element elementor-element-60016c8 elementor-reverse-mobile elementor-section-boxed elementor-section-height-default elementor-section-height-default\" data-id=\"60016c8\" data-element_type=\"section\">\n\t\t\t\t\t\t\t<div class=\"elementor-background-overlay\"><\/div>\n\t\t\t\t\t\t\t<div class=\"elementor-container elementor-column-gap-default\">\n\t\t\t\t\t<div class=\"elementor-column elementor-col-100 elementor-top-column elementor-element elementor-element-07555ce\" data-id=\"07555ce\" data-element_type=\"column\">\n\t\t\t<div class=\"elementor-widget-wrap elementor-element-populated\">\n\t\t\t\t\t\t<div class=\"elementor-element elementor-element-e14eefe elementor-widget elementor-widget-text-editor\" data-id=\"e14eefe\" data-element_type=\"widget\" data-widget_type=\"text-editor.default\">\n\t\t\t\t<div class=\"elementor-widget-container\">\n\t\t\t\t\t\t\t\t\t<p style=\"text-align: justify;\"><span style=\"font-weight: 400;\">To take care of me properly, remember these important things:<\/span><\/p><ol style=\"text-align: justify;\"><li style=\"font-weight: 400;\" aria-level=\"1\"><span style=\"font-weight: 400;\">When I finally get to you, let me cool down after the journey and get to room temperature before I fire it up for the first time - about a few hours.\u00a0<\/span><\/li><li style=\"font-weight: 400;\" aria-level=\"1\"><span style=\"font-weight: 400;\">Make sure the wick is the right length (0.5 cm \u2013 1 cm) and maintain it every time you relight it.<\/span><\/li><li style=\"font-weight: 400;\" aria-level=\"1\"><span style=\"font-weight: 400;\">My first burn should last about 3 hours or until the entire top sheet of wax melts, so that the next time I light it, it will burn evenly (no tunneling will occur).<\/span><\/li><li style=\"font-weight: 400;\" aria-level=\"1\"><span style=\"font-weight: 400;\">Leave the lamp on for no longer than 4 hours, in safe places, away from children, curtains, plants, animals, etc. and in dry spaces.<\/span><\/li><li style=\"font-weight: 400;\" aria-level=\"1\"><span style=\"font-weight: 400;\">Once you've enjoyed me, put me out, give me a moment and cover with a lid so that the scent dissolved in the wax stays longer. <\/span><span style=\"font-weight: 400;\">\u00a0Remember not to cover me while the smoke is still active, I can get soaked in it and smell unpleasant, and we don't want that!<\/span><\/li><\/ol><p style=\"text-align: justify;\"><span style=\"font-weight: 400;\">Regards <\/span><b>Ciep\u0142o<\/b><\/p><p style=\"text-align: justify;\"><span style=\"font-weight: 400;\">Shine on<\/span><\/p>\t\t\t\t\t\t\t\t<\/div>\n\t\t\t\t<\/div>\n\t\t\t\t\t<\/div>\n\t\t<\/div>\n\t\t\t\t\t<\/div>\n\t\t<\/section>\n\t\t\t\t<\/div>","protected":false},"excerpt":{"rendered":"<p>Aby zadba\u0107 o mnie prawid\u0142owo, pami\u0119taj o wa\u017cnych sprawach: Jak ju\u017c w ko\u0144cu do Ciebie dotr\u0119, to pozw\u00f3l mi och\u0142on\u0105\u0107 po przebytej drodze i uzyska\u0107 temperatur\u0119 pokojow\u0105 przed pierwszym odpaleniem-oko\u0142o kilku godzin.\u00a0 Upewnij si\u0119, \u017ce knot jest odpowiedniej d\u0142ugo\u015bci (0,5 cm &#8211; 1cm) i dbaj o to przy ka\u017cdym ponownym odpalaniu. Moje pierwsze palenie powinno&#8230;<\/p>","protected":false},"author":2,"featured_media":0,"parent":0,"menu_order":0,"comment_status":"closed","ping_status":"closed","template":"","meta":{"_kad_post_transparent":"default","_kad_post_title":"hide","_kad_post_layout":"","_kad_post_sidebar_id":"","_kad_post_content_style":"","_kad_post_vertical_padding":"hide","_kad_post_feature":"","_kad_post_feature_position":"","_kad_post_header":false,"_kad_post_footer":false,"_kad_post_classname":"","footnotes":""},"class_list":["post-1229","page","type-page","status-publish","hentry"],"yoast_head":"<!-- This site is optimized with the Yoast SEO plugin v26.6 - https:\/\/yoast.com\/wordpress\/plugins\/seo\/ -->\n<title>Instrukcja palenia - JAK CIEP\u0141O<\/title>\n<meta name=\"description\" content=\"Zapisz si\u0119 na wyj\u0105tkowe warsztaty ceramiki w Gda\u0144sku! Tw\u00f3rz r\u0119cznie ceramik\u0119 pod okiem do\u015bwiadczonych instruktor\u00f3w. Idealne dla par, rodzin i wszystkich mi\u0142o\u015bnik\u00f3w r\u0119kodzie\u0142a.\" \/>\n<meta name=\"robots\" content=\"index, follow, max-snippet:-1, max-image-preview:large, max-video-preview:-1\" \/>\n<link rel=\"canonical\" href=\"https:\/\/jakcieplo.pl\/en\/instrukcja-palenia\/\" \/>\n<meta property=\"og:locale\" content=\"en_GB\" \/>\n<meta property=\"og:type\" content=\"article\" \/>\n<meta property=\"og:title\" content=\"Instrukcja palenia - JAK CIEP\u0141O\" \/>\n<meta property=\"og:description\" content=\"Zapisz si\u0119 na wyj\u0105tkowe warsztaty ceramiki w Gda\u0144sku! Tw\u00f3rz r\u0119cznie ceramik\u0119 pod okiem do\u015bwiadczonych instruktor\u00f3w. Idealne dla par, rodzin i wszystkich mi\u0142o\u015bnik\u00f3w r\u0119kodzie\u0142a.\" \/>\n<meta property=\"og:url\" content=\"https:\/\/jakcieplo.pl\/en\/instrukcja-palenia\/\" \/>\n<meta property=\"og:site_name\" content=\"JAK CIEP\u0141O\" \/>\n<meta property=\"article:modified_time\" content=\"2025-01-10T06:51:23+00:00\" \/>\n<meta property=\"og:image\" content=\"https:\/\/jakcieplo.pl\/wp-content\/uploads\/2025\/01\/DSC_0034-1-e1735910346353.jpg\" \/>\n\t<meta property=\"og:image:width\" content=\"500\" \/>\n\t<meta property=\"og:image:height\" content=\"500\" \/>\n\t<meta property=\"og:image:type\" content=\"image\/jpeg\" \/>\n<meta name=\"twitter:card\" content=\"summary_large_image\" \/>\n<meta name=\"twitter:label1\" content=\"Estimated reading time\" \/>\n\t<meta name=\"twitter:data1\" content=\"1 minute\" \/>\n<script type=\"application\/ld+json\" class=\"yoast-schema-graph\">{\"@context\":\"https:\/\/schema.org\",\"@graph\":[{\"@type\":\"WebPage\",\"@id\":\"https:\/\/jakcieplo.pl\/instrukcja-palenia\/\",\"url\":\"https:\/\/jakcieplo.pl\/instrukcja-palenia\/\",\"name\":\"Instrukcja palenia - JAK CIEP\u0141O\",\"isPartOf\":{\"@id\":\"https:\/\/jakcieplo.pl\/#website\"},\"datePublished\":\"2024-07-31T12:24:11+00:00\",\"dateModified\":\"2025-01-10T06:51:23+00:00\",\"description\":\"Zapisz si\u0119 na wyj\u0105tkowe warsztaty ceramiki w Gda\u0144sku! Tw\u00f3rz r\u0119cznie ceramik\u0119 pod okiem do\u015bwiadczonych instruktor\u00f3w. Idealne dla par, rodzin i wszystkich mi\u0142o\u015bnik\u00f3w r\u0119kodzie\u0142a.\",\"breadcrumb\":{\"@id\":\"https:\/\/jakcieplo.pl\/instrukcja-palenia\/#breadcrumb\"},\"inLanguage\":\"en-GB\",\"potentialAction\":[{\"@type\":\"ReadAction\",\"target\":[\"https:\/\/jakcieplo.pl\/instrukcja-palenia\/\"]}]},{\"@type\":\"BreadcrumbList\",\"@id\":\"https:\/\/jakcieplo.pl\/instrukcja-palenia\/#breadcrumb\",\"itemListElement\":[{\"@type\":\"ListItem\",\"position\":1,\"name\":\"Strona g\u0142\u00f3wna\",\"item\":\"https:\/\/jakcieplo.pl\/\"},{\"@type\":\"ListItem\",\"position\":2,\"name\":\"Instrukcja palenia\"}]},{\"@type\":\"WebSite\",\"@id\":\"https:\/\/jakcieplo.pl\/#website\",\"url\":\"https:\/\/jakcieplo.pl\/\",\"name\":\"Naturalne \u015bwiece i warsztaty z ceramiki Gda\u0144sk\",\"description\":\"Naturalne \u015bwiece sojowe oraz warsztaty z ceramiki\",\"publisher\":{\"@id\":\"https:\/\/jakcieplo.pl\/#organization\"},\"alternateName\":\"Zapachowe \u015bwiece, warsztaty z ceramiki\",\"potentialAction\":[{\"@type\":\"SearchAction\",\"target\":{\"@type\":\"EntryPoint\",\"urlTemplate\":\"https:\/\/jakcieplo.pl\/?s={search_term_string}\"},\"query-input\":{\"@type\":\"PropertyValueSpecification\",\"valueRequired\":true,\"valueName\":\"search_term_string\"}}],\"inLanguage\":\"en-GB\"},{\"@type\":\"Organization\",\"@id\":\"https:\/\/jakcieplo.pl\/#organization\",\"name\":\"JAKCIEP\u0141O\",\"alternateName\":\"\u015awiece sojowe sklep online, warsztaty z Ceramiki Gda\u0144sk\",\"url\":\"https:\/\/jakcieplo.pl\/\",\"logo\":{\"@type\":\"ImageObject\",\"inLanguage\":\"en-GB\",\"@id\":\"https:\/\/jakcieplo.pl\/#\/schema\/logo\/image\/\",\"url\":\"https:\/\/jakcieplo.pl\/wp-content\/uploads\/2025\/01\/cropped-cropped-logsa2-e1759261422133.webp\",\"contentUrl\":\"https:\/\/jakcieplo.pl\/wp-content\/uploads\/2025\/01\/cropped-cropped-logsa2-e1759261422133.webp\",\"width\":264,\"height\":400,\"caption\":\"JAKCIEP\u0141O\"},\"image\":{\"@id\":\"https:\/\/jakcieplo.pl\/#\/schema\/logo\/image\/\"},\"sameAs\":[\"https:\/\/www.instagram.com\/jak.cieplo\/\",\"https:\/\/www.tiktok.com\/@jak.cieplo?_t=8siAq4mJYyA&_r=1\"]}]}<\/script>\n<!-- \/ Yoast SEO plugin. -->","yoast_head_json":{"title":"Instrukcja palenia - JAK CIEP\u0141O","description":"Zapisz si\u0119 na wyj\u0105tkowe warsztaty ceramiki w Gda\u0144sku! Tw\u00f3rz r\u0119cznie ceramik\u0119 pod okiem do\u015bwiadczonych instruktor\u00f3w. Idealne dla par, rodzin i wszystkich mi\u0142o\u015bnik\u00f3w r\u0119kodzie\u0142a.","robots":{"index":"index","follow":"follow","max-snippet":"max-snippet:-1","max-image-preview":"max-image-preview:large","max-video-preview":"max-video-preview:-1"},"canonical":"https:\/\/jakcieplo.pl\/en\/instrukcja-palenia\/","og_locale":"en_GB","og_type":"article","og_title":"Instrukcja palenia - JAK CIEP\u0141O","og_description":"Zapisz si\u0119 na wyj\u0105tkowe warsztaty ceramiki w Gda\u0144sku! Tw\u00f3rz r\u0119cznie ceramik\u0119 pod okiem do\u015bwiadczonych instruktor\u00f3w. Idealne dla par, rodzin i wszystkich mi\u0142o\u015bnik\u00f3w r\u0119kodzie\u0142a.","og_url":"https:\/\/jakcieplo.pl\/en\/instrukcja-palenia\/","og_site_name":"JAK CIEP\u0141O","article_modified_time":"2025-01-10T06:51:23+00:00","og_image":[{"width":500,"height":500,"url":"https:\/\/jakcieplo.pl\/wp-content\/uploads\/2025\/01\/DSC_0034-1-e1735910346353.jpg","type":"image\/jpeg"}],"twitter_card":"summary_large_image","twitter_misc":{"Estimated reading time":"1 minute"},"schema":{"@context":"https:\/\/schema.org","@graph":[{"@type":"WebPage","@id":"https:\/\/jakcieplo.pl\/instrukcja-palenia\/","url":"https:\/\/jakcieplo.pl\/instrukcja-palenia\/","name":"Instrukcja palenia - JAK CIEP\u0141O","isPartOf":{"@id":"https:\/\/jakcieplo.pl\/#website"},"datePublished":"2024-07-31T12:24:11+00:00","dateModified":"2025-01-10T06:51:23+00:00","description":"Zapisz si\u0119 na wyj\u0105tkowe warsztaty ceramiki w Gda\u0144sku! Tw\u00f3rz r\u0119cznie ceramik\u0119 pod okiem do\u015bwiadczonych instruktor\u00f3w. Idealne dla par, rodzin i wszystkich mi\u0142o\u015bnik\u00f3w r\u0119kodzie\u0142a.","breadcrumb":{"@id":"https:\/\/jakcieplo.pl\/instrukcja-palenia\/#breadcrumb"},"inLanguage":"en-GB","potentialAction":[{"@type":"ReadAction","target":["https:\/\/jakcieplo.pl\/instrukcja-palenia\/"]}]},{"@type":"BreadcrumbList","@id":"https:\/\/jakcieplo.pl\/instrukcja-palenia\/#breadcrumb","itemListElement":[{"@type":"ListItem","position":1,"name":"Strona g\u0142\u00f3wna","item":"https:\/\/jakcieplo.pl\/"},{"@type":"ListItem","position":2,"name":"Instrukcja palenia"}]},{"@type":"WebSite","@id":"https:\/\/jakcieplo.pl\/#website","url":"https:\/\/jakcieplo.pl\/","name":"Naturalne \u015bwiece i warsztaty z ceramiki Gda\u0144sk","description":"Naturalne \u015bwiece sojowe oraz warsztaty z ceramiki","publisher":{"@id":"https:\/\/jakcieplo.pl\/#organization"},"alternateName":"Zapachowe \u015bwiece, warsztaty z ceramiki","potentialAction":[{"@type":"SearchAction","target":{"@type":"EntryPoint","urlTemplate":"https:\/\/jakcieplo.pl\/?s={search_term_string}"},"query-input":{"@type":"PropertyValueSpecification","valueRequired":true,"valueName":"search_term_string"}}],"inLanguage":"en-GB"},{"@type":"Organization","@id":"https:\/\/jakcieplo.pl\/#organization","name":"JAKCIEP\u0141O","alternateName":"\u015awiece sojowe sklep online, warsztaty z Ceramiki Gda\u0144sk","url":"https:\/\/jakcieplo.pl\/","logo":{"@type":"ImageObject","inLanguage":"en-GB","@id":"https:\/\/jakcieplo.pl\/#\/schema\/logo\/image\/","url":"https:\/\/jakcieplo.pl\/wp-content\/uploads\/2025\/01\/cropped-cropped-logsa2-e1759261422133.webp","contentUrl":"https:\/\/jakcieplo.pl\/wp-content\/uploads\/2025\/01\/cropped-cropped-logsa2-e1759261422133.webp","width":264,"height":400,"caption":"JAKCIEP\u0141O"},"image":{"@id":"https:\/\/jakcieplo.pl\/#\/schema\/logo\/image\/"},"sameAs":["https:\/\/www.instagram.com\/jak.cieplo\/","https:\/\/www.tiktok.com\/@jak.cieplo?_t=8siAq4mJYyA&_r=1"]}]}},"_links":{"self":[{"href":"https:\/\/jakcieplo.pl\/en\/wp-json\/wp\/v2\/pages\/1229","targetHints":{"allow":["GET"]}}],"collection":[{"href":"https:\/\/jakcieplo.pl\/en\/wp-json\/wp\/v2\/pages"}],"about":[{"href":"https:\/\/jakcieplo.pl\/en\/wp-json\/wp\/v2\/types\/page"}],"author":[{"embeddable":true,"href":"https:\/\/jakcieplo.pl\/en\/wp-json\/wp\/v2\/users\/2"}],"replies":[{"embeddable":true,"href":"https:\/\/jakcieplo.pl\/en\/wp-json\/wp\/v2\/comments?post=1229"}],"version-history":[{"count":3,"href":"https:\/\/jakcieplo.pl\/en\/wp-json\/wp\/v2\/pages\/1229\/revisions"}],"predecessor-version":[{"id":3392,"href":"https:\/\/jakcieplo.pl\/en\/wp-json\/wp\/v2\/pages\/1229\/revisions\/3392"}],"wp:attachment":[{"href":"https:\/\/jakcieplo.pl\/en\/wp-json\/wp\/v2\/media?parent=1229"}],"curies":[{"name":"wp","href":"https:\/\/api.w.org\/{rel}","templated":true}]}}