{"id":2617,"date":"2025-01-01T16:42:12","date_gmt":"2025-01-01T15:42:12","guid":{"rendered":"http:\/\/serwer325483.lh.pl\/autoinstalator\/serwer325483.lh.pl\/wordpress99625\/?post_type=product&#038;p=2617"},"modified":"2025-01-01T16:42:57","modified_gmt":"2025-01-01T15:42:57","slug":"warsztaty-rodzinne","status":"publish","type":"product","link":"https:\/\/jakcieplo.pl\/en\/product\/warsztaty-rodzinne\/","title":{"rendered":"Family workshops"},"content":{"rendered":"<p><i><span style=\"font-weight: 400;\">If you're looking for a unique gift, this option is for you!<\/span><\/i><i><span style=\"font-weight: 400;\"><br \/>\n<\/span><\/i><i><span style=\"font-weight: 400;\">Contact me to schedule a date and send your voucher \u2013 <\/span><\/i><b><i>787\u00a0789\u00a0005.<\/i><\/b><i><span style=\"font-weight: 400;\"><br \/>\n<\/span><\/i><i><span style=\"font-weight: 400;\">If the meeting dates don't work for the person taking part in the workshop, or if a group of at least four people doesn't gather, the workshop may be canceled and an alternative date will be offered (even after the voucher expires).<\/span><\/i><i><span style=\"font-weight: 400;\"><br \/>\n<\/span><\/i><\/p>","protected":false},"excerpt":{"rendered":"<p><span style=\"font-weight: 400;\">Family ceramics workshops are a unique opportunity to spend time together, have fun, and create unique works of art from clay. Designed for families with children, these classes combine learning the basics of ceramics with creative play, tailored to the participants' abilities. These workshops foster stronger family bonds and develop imagination and manual skills.\u00a0<\/span><\/p>\n<p><b><i>The workshop price includes<\/i><\/b><i><span style=\"font-weight: 400;\">: clay 1-1.5 kg\/person, biscuit firing, refreshments. <\/span><\/i><i><span style=\"font-weight: 400;\"><br \/>\n<\/span><\/i><i><span style=\"font-weight: 400;\">You can commission glazing + PLN 50\/one job\/5 glazes to choose from.<\/span><\/i><\/p>\n<p><b>Time:<\/b><span style=\"font-weight: 400;\"> 2h\u00a0<\/span><\/p>\n<p><b>Price: <\/b><span style=\"font-weight: 400;\">150 PLN \/ person<\/span><\/p>\n<p><b>Collection of works<\/b><span style=\"font-weight: 400;\">: 2-4 weeks<\/span><\/p>","protected":false},"featured_media":2677,"template":"","meta":{"_kad_post_transparent":"","_kad_post_title":"","_kad_post_layout":"","_kad_post_sidebar_id":"","_kad_post_content_style":"","_kad_post_vertical_padding":"","_kad_post_feature":"","_kad_post_feature_position":"","_kad_post_header":false,"_kad_post_footer":false,"_kad_post_classname":""},"product_brand":[],"product_cat":[29],"product_tag":[],"class_list":{"0":"post-2617","1":"product","2":"type-product","3":"status-publish","4":"has-post-thumbnail","6":"product_cat-warsztaty","8":"first","9":"instock","10":"shipping-taxable","11":"purchasable","12":"product-type-variable","13":"entry","14":"content-bg","15":"loop-entry"},"yoast_head":"<!-- This site is optimized with the Yoast SEO plugin v26.6 - https:\/\/yoast.com\/wordpress\/plugins\/seo\/ -->\n<title>Warsztaty rodzinne - JAK CIEP\u0141O<\/title>\n<meta name=\"robots\" content=\"index, follow, max-snippet:-1, max-image-preview:large, max-video-preview:-1\" \/>\n<link rel=\"canonical\" href=\"https:\/\/jakcieplo.pl\/en\/product\/warsztaty-rodzinne\/\" \/>\n<meta property=\"og:locale\" content=\"en_GB\" \/>\n<meta property=\"og:type\" content=\"article\" \/>\n<meta property=\"og:title\" content=\"Warsztaty rodzinne - JAK CIEP\u0141O\" \/>\n<meta property=\"og:description\" content=\"Rodzinne warsztaty ceramiczne to wyj\u0105tkowa okazja, by wsp\u00f3lnie sp\u0119dzi\u0107 czas, bawi\u0105c si\u0119 i tworz\u0105c unikalne dzie\u0142a z gliny. Przeznaczone dla rodzin z dzie\u0107mi, te zaj\u0119cia \u0142\u0105cz\u0105 nauk\u0119 podstaw ceramiki z kreatywn\u0105 zabaw\u0105, dostosowan\u0105 do umiej\u0119tno\u015bci uczestnik\u00f3w. Warsztaty te sprzyjaj\u0105 wzmacnianiu wi\u0119zi rodzinnych, rozwijaniu wyobra\u017ani i zdolno\u015bci manualnych.\u00a0  Cena warsztatu obejmuje: glina 1-1,5 kg\/osoba, wypa\u0142 na biskwit, pocz\u0119stunek.  Mo\u017cesz zleci\u0107 szkliwienie + 50 z\u0142\/jedna praca\/5 szkliw do wyboru.  Czas: 2h\u00a0  Cena: 150z\u0142 \/ osoba  Odbi\u00f3r prac: 2-4 tyg.\" \/>\n<meta property=\"og:url\" content=\"https:\/\/jakcieplo.pl\/en\/product\/warsztaty-rodzinne\/\" \/>\n<meta property=\"og:site_name\" content=\"JAK CIEP\u0141O\" \/>\n<meta property=\"article:modified_time\" content=\"2025-01-01T15:42:57+00:00\" \/>\n<meta property=\"og:image\" content=\"https:\/\/jakcieplo.pl\/wp-content\/uploads\/2025\/01\/warsztaty-rodzinne-1-e1735499880107.jpg\" \/>\n\t<meta property=\"og:image:width\" content=\"1000\" \/>\n\t<meta property=\"og:image:height\" content=\"1000\" \/>\n\t<meta property=\"og:image:type\" content=\"image\/jpeg\" \/>\n<meta name=\"twitter:card\" content=\"summary_large_image\" \/>\n<script type=\"application\/ld+json\" class=\"yoast-schema-graph\">{\"@context\":\"https:\/\/schema.org\",\"@graph\":[{\"@type\":\"WebPage\",\"@id\":\"https:\/\/jakcieplo.pl\/produkt\/warsztaty-rodzinne\/\",\"url\":\"https:\/\/jakcieplo.pl\/produkt\/warsztaty-rodzinne\/\",\"name\":\"Warsztaty rodzinne - JAK CIEP\u0141O\",\"isPartOf\":{\"@id\":\"https:\/\/jakcieplo.pl\/#website\"},\"primaryImageOfPage\":{\"@id\":\"https:\/\/jakcieplo.pl\/produkt\/warsztaty-rodzinne\/#primaryimage\"},\"image\":{\"@id\":\"https:\/\/jakcieplo.pl\/produkt\/warsztaty-rodzinne\/#primaryimage\"},\"thumbnailUrl\":\"https:\/\/jakcieplo.pl\/wp-content\/uploads\/2025\/01\/warsztaty-rodzinne-1-e1735499880107.jpg\",\"datePublished\":\"2025-01-01T15:42:12+00:00\",\"dateModified\":\"2025-01-01T15:42:57+00:00\",\"breadcrumb\":{\"@id\":\"https:\/\/jakcieplo.pl\/produkt\/warsztaty-rodzinne\/#breadcrumb\"},\"inLanguage\":\"en-GB\",\"potentialAction\":[{\"@type\":\"ReadAction\",\"target\":[\"https:\/\/jakcieplo.pl\/produkt\/warsztaty-rodzinne\/\"]}]},{\"@type\":\"ImageObject\",\"inLanguage\":\"en-GB\",\"@id\":\"https:\/\/jakcieplo.pl\/produkt\/warsztaty-rodzinne\/#primaryimage\",\"url\":\"https:\/\/jakcieplo.pl\/wp-content\/uploads\/2025\/01\/warsztaty-rodzinne-1-e1735499880107.jpg\",\"contentUrl\":\"https:\/\/jakcieplo.pl\/wp-content\/uploads\/2025\/01\/warsztaty-rodzinne-1-e1735499880107.jpg\",\"width\":1000,\"height\":1000},{\"@type\":\"BreadcrumbList\",\"@id\":\"https:\/\/jakcieplo.pl\/produkt\/warsztaty-rodzinne\/#breadcrumb\",\"itemListElement\":[{\"@type\":\"ListItem\",\"position\":1,\"name\":\"Strona g\u0142\u00f3wna\",\"item\":\"https:\/\/jakcieplo.pl\/\"},{\"@type\":\"ListItem\",\"position\":2,\"name\":\"\u015awiece sojowe oraz warsztaty z ceramiki\",\"item\":\"https:\/\/jakcieplo.pl\/sklep\/\"},{\"@type\":\"ListItem\",\"position\":3,\"name\":\"Warsztaty rodzinne\"}]},{\"@type\":\"WebSite\",\"@id\":\"https:\/\/jakcieplo.pl\/#website\",\"url\":\"https:\/\/jakcieplo.pl\/\",\"name\":\"Naturalne \u015bwiece i warsztaty z ceramiki Gda\u0144sk\",\"description\":\"Naturalne \u015bwiece sojowe oraz warsztaty z ceramiki\",\"publisher\":{\"@id\":\"https:\/\/jakcieplo.pl\/#organization\"},\"alternateName\":\"Zapachowe \u015bwiece, warsztaty z ceramiki\",\"potentialAction\":[{\"@type\":\"SearchAction\",\"target\":{\"@type\":\"EntryPoint\",\"urlTemplate\":\"https:\/\/jakcieplo.pl\/?s={search_term_string}\"},\"query-input\":{\"@type\":\"PropertyValueSpecification\",\"valueRequired\":true,\"valueName\":\"search_term_string\"}}],\"inLanguage\":\"en-GB\"},{\"@type\":\"Organization\",\"@id\":\"https:\/\/jakcieplo.pl\/#organization\",\"name\":\"JAKCIEP\u0141O\",\"alternateName\":\"\u015awiece sojowe sklep online, warsztaty z Ceramiki Gda\u0144sk\",\"url\":\"https:\/\/jakcieplo.pl\/\",\"logo\":{\"@type\":\"ImageObject\",\"inLanguage\":\"en-GB\",\"@id\":\"https:\/\/jakcieplo.pl\/#\/schema\/logo\/image\/\",\"url\":\"https:\/\/jakcieplo.pl\/wp-content\/uploads\/2025\/01\/cropped-cropped-logsa2-e1759261422133.webp\",\"contentUrl\":\"https:\/\/jakcieplo.pl\/wp-content\/uploads\/2025\/01\/cropped-cropped-logsa2-e1759261422133.webp\",\"width\":264,\"height\":400,\"caption\":\"JAKCIEP\u0141O\"},\"image\":{\"@id\":\"https:\/\/jakcieplo.pl\/#\/schema\/logo\/image\/\"},\"sameAs\":[\"https:\/\/www.instagram.com\/jak.cieplo\/\",\"https:\/\/www.tiktok.com\/@jak.cieplo?_t=8siAq4mJYyA&_r=1\"]}]}<\/script>\n<!-- \/ Yoast SEO plugin. -->","yoast_head_json":{"title":"Warsztaty rodzinne - JAK CIEP\u0141O","robots":{"index":"index","follow":"follow","max-snippet":"max-snippet:-1","max-image-preview":"max-image-preview:large","max-video-preview":"max-video-preview:-1"},"canonical":"https:\/\/jakcieplo.pl\/en\/product\/warsztaty-rodzinne\/","og_locale":"en_GB","og_type":"article","og_title":"Warsztaty rodzinne - JAK CIEP\u0141O","og_description":"Rodzinne warsztaty ceramiczne to wyj\u0105tkowa okazja, by wsp\u00f3lnie sp\u0119dzi\u0107 czas, bawi\u0105c si\u0119 i tworz\u0105c unikalne dzie\u0142a z gliny. Przeznaczone dla rodzin z dzie\u0107mi, te zaj\u0119cia \u0142\u0105cz\u0105 nauk\u0119 podstaw ceramiki z kreatywn\u0105 zabaw\u0105, dostosowan\u0105 do umiej\u0119tno\u015bci uczestnik\u00f3w. Warsztaty te sprzyjaj\u0105 wzmacnianiu wi\u0119zi rodzinnych, rozwijaniu wyobra\u017ani i zdolno\u015bci manualnych.\u00a0  Cena warsztatu obejmuje: glina 1-1,5 kg\/osoba, wypa\u0142 na biskwit, pocz\u0119stunek.  Mo\u017cesz zleci\u0107 szkliwienie + 50 z\u0142\/jedna praca\/5 szkliw do wyboru.  Czas: 2h\u00a0  Cena: 150z\u0142 \/ osoba  Odbi\u00f3r prac: 2-4 tyg.","og_url":"https:\/\/jakcieplo.pl\/en\/product\/warsztaty-rodzinne\/","og_site_name":"JAK CIEP\u0141O","article_modified_time":"2025-01-01T15:42:57+00:00","og_image":[{"width":1000,"height":1000,"url":"https:\/\/jakcieplo.pl\/wp-content\/uploads\/2025\/01\/warsztaty-rodzinne-1-e1735499880107.jpg","type":"image\/jpeg"}],"twitter_card":"summary_large_image","schema":{"@context":"https:\/\/schema.org","@graph":[{"@type":"WebPage","@id":"https:\/\/jakcieplo.pl\/produkt\/warsztaty-rodzinne\/","url":"https:\/\/jakcieplo.pl\/produkt\/warsztaty-rodzinne\/","name":"Warsztaty rodzinne - JAK CIEP\u0141O","isPartOf":{"@id":"https:\/\/jakcieplo.pl\/#website"},"primaryImageOfPage":{"@id":"https:\/\/jakcieplo.pl\/produkt\/warsztaty-rodzinne\/#primaryimage"},"image":{"@id":"https:\/\/jakcieplo.pl\/produkt\/warsztaty-rodzinne\/#primaryimage"},"thumbnailUrl":"https:\/\/jakcieplo.pl\/wp-content\/uploads\/2025\/01\/warsztaty-rodzinne-1-e1735499880107.jpg","datePublished":"2025-01-01T15:42:12+00:00","dateModified":"2025-01-01T15:42:57+00:00","breadcrumb":{"@id":"https:\/\/jakcieplo.pl\/produkt\/warsztaty-rodzinne\/#breadcrumb"},"inLanguage":"en-GB","potentialAction":[{"@type":"ReadAction","target":["https:\/\/jakcieplo.pl\/produkt\/warsztaty-rodzinne\/"]}]},{"@type":"ImageObject","inLanguage":"en-GB","@id":"https:\/\/jakcieplo.pl\/produkt\/warsztaty-rodzinne\/#primaryimage","url":"https:\/\/jakcieplo.pl\/wp-content\/uploads\/2025\/01\/warsztaty-rodzinne-1-e1735499880107.jpg","contentUrl":"https:\/\/jakcieplo.pl\/wp-content\/uploads\/2025\/01\/warsztaty-rodzinne-1-e1735499880107.jpg","width":1000,"height":1000},{"@type":"BreadcrumbList","@id":"https:\/\/jakcieplo.pl\/produkt\/warsztaty-rodzinne\/#breadcrumb","itemListElement":[{"@type":"ListItem","position":1,"name":"Strona g\u0142\u00f3wna","item":"https:\/\/jakcieplo.pl\/"},{"@type":"ListItem","position":2,"name":"\u015awiece sojowe oraz warsztaty z ceramiki","item":"https:\/\/jakcieplo.pl\/sklep\/"},{"@type":"ListItem","position":3,"name":"Warsztaty rodzinne"}]},{"@type":"WebSite","@id":"https:\/\/jakcieplo.pl\/#website","url":"https:\/\/jakcieplo.pl\/","name":"Naturalne \u015bwiece i warsztaty z ceramiki Gda\u0144sk","description":"Naturalne \u015bwiece sojowe oraz warsztaty z ceramiki","publisher":{"@id":"https:\/\/jakcieplo.pl\/#organization"},"alternateName":"Zapachowe \u015bwiece, warsztaty z ceramiki","potentialAction":[{"@type":"SearchAction","target":{"@type":"EntryPoint","urlTemplate":"https:\/\/jakcieplo.pl\/?s={search_term_string}"},"query-input":{"@type":"PropertyValueSpecification","valueRequired":true,"valueName":"search_term_string"}}],"inLanguage":"en-GB"},{"@type":"Organization","@id":"https:\/\/jakcieplo.pl\/#organization","name":"JAKCIEP\u0141O","alternateName":"\u015awiece sojowe sklep online, warsztaty z Ceramiki Gda\u0144sk","url":"https:\/\/jakcieplo.pl\/","logo":{"@type":"ImageObject","inLanguage":"en-GB","@id":"https:\/\/jakcieplo.pl\/#\/schema\/logo\/image\/","url":"https:\/\/jakcieplo.pl\/wp-content\/uploads\/2025\/01\/cropped-cropped-logsa2-e1759261422133.webp","contentUrl":"https:\/\/jakcieplo.pl\/wp-content\/uploads\/2025\/01\/cropped-cropped-logsa2-e1759261422133.webp","width":264,"height":400,"caption":"JAKCIEP\u0141O"},"image":{"@id":"https:\/\/jakcieplo.pl\/#\/schema\/logo\/image\/"},"sameAs":["https:\/\/www.instagram.com\/jak.cieplo\/","https:\/\/www.tiktok.com\/@jak.cieplo?_t=8siAq4mJYyA&_r=1"]}]}},"_links":{"self":[{"href":"https:\/\/jakcieplo.pl\/en\/wp-json\/wp\/v2\/product\/2617","targetHints":{"allow":["GET"]}}],"collection":[{"href":"https:\/\/jakcieplo.pl\/en\/wp-json\/wp\/v2\/product"}],"about":[{"href":"https:\/\/jakcieplo.pl\/en\/wp-json\/wp\/v2\/types\/product"}],"wp:featuredmedia":[{"embeddable":true,"href":"https:\/\/jakcieplo.pl\/en\/wp-json\/wp\/v2\/media\/2677"}],"wp:attachment":[{"href":"https:\/\/jakcieplo.pl\/en\/wp-json\/wp\/v2\/media?parent=2617"}],"wp:term":[{"taxonomy":"product_brand","embeddable":true,"href":"https:\/\/jakcieplo.pl\/en\/wp-json\/wp\/v2\/product_brand?post=2617"},{"taxonomy":"product_cat","embeddable":true,"href":"https:\/\/jakcieplo.pl\/en\/wp-json\/wp\/v2\/product_cat?post=2617"},{"taxonomy":"product_tag","embeddable":true,"href":"https:\/\/jakcieplo.pl\/en\/wp-json\/wp\/v2\/product_tag?post=2617"}],"curies":[{"name":"wp","href":"https:\/\/api.w.org\/{rel}","templated":true}]}}