{"id":2653,"date":"2025-01-01T16:42:36","date_gmt":"2025-01-01T15:42:36","guid":{"rendered":"http:\/\/serwer325483.lh.pl\/autoinstalator\/serwer325483.lh.pl\/wordpress99625\/?post_type=product&#038;p=2653"},"modified":"2025-01-06T21:52:24","modified_gmt":"2025-01-06T20:52:24","slug":"swieca-sojowa-palone-drewno","status":"publish","type":"product","link":"https:\/\/jakcieplo.pl\/en\/product\/swieca-sojowa-palone-drewno\/","title":{"rendered":"Soy candle BURNED WOOD"},"content":{"rendered":"<p>Hand-poured candle made from 100% soy wax, enhanced with a high-quality fragrance blend.<\/p>\n<p>All JAK.CIEP\u0141O products are completely vegan and crafted from natural, GMO-free soy wax.<br \/>\nEach candle is made from carefully prepared and tested components (NOT TESTED on animals), resulting in a long-lasting and exceptionally intense fragrance. Our products are handmade, which means every candle features unique imperfections\u2014slight unevenness, small discolorations, tiny holes\u2014that add charm and confirm its authenticity as a HANDMADE item.<\/p>\n<p>After the candle burns out, we wash the jar in warm water and then we can give it a second life! :)<\/p>","protected":false},"excerpt":{"rendered":"<p><span style=\"font-weight: 400;\">\"Let he who does not like to look into the fire be the first to blow out the candle...\"<\/span><\/p>\n<p><span style=\"font-weight: 400;\">..An evening bonfire, a gently smoldering birch tree, the smell of pine needles<\/span><span style=\"font-weight: 400;\">, <\/span><span style=\"font-weight: 400;\">A cedar guitar, the rustle of leaves. Magical moments, a magical aura. Burning wood is the memory of a successful evening encased in the still-warm wood from the fireplace.<\/span><span style=\"font-weight: 400;\">.<\/span><\/p>\n<p>_________________________________________________________<br \/>\n<strong>Top fragrance notes: <span style=\"font-weight: 400;\">birch tar, pine needle, raspberry, cedar, patchouli, sandalwood<\/span><\/strong><\/p>\n<p><strong>Capacity:<\/strong> 300\u202fml of wax<\/p>\n<p><strong>Dimensions:<\/strong> 9.7cm x 8cm<br \/>\n<strong><br \/>\nApproximate burn time:<\/strong> 50h<\/p>","protected":false},"featured_media":2727,"template":"","meta":{"_kad_post_transparent":"default","_kad_post_title":"","_kad_post_layout":"default","_kad_post_sidebar_id":"","_kad_post_content_style":"default","_kad_post_vertical_padding":"default","_kad_post_feature":"","_kad_post_feature_position":"","_kad_post_header":false,"_kad_post_footer":false,"_kad_post_classname":""},"product_brand":[],"product_cat":[27,25],"product_tag":[],"class_list":{"0":"post-2653","1":"product","2":"type-product","3":"status-publish","4":"has-post-thumbnail","6":"product_cat-swiece","7":"product_cat-swiece-sojowe","9":"first","10":"instock","11":"shipping-taxable","12":"purchasable","13":"product-type-simple","14":"entry","15":"content-bg","16":"loop-entry"},"yoast_head":"<!-- This site is optimized with the Yoast SEO plugin v26.6 - https:\/\/yoast.com\/wordpress\/plugins\/seo\/ -->\n<title>\u015awieca sojowa PALONE DREWNO - JAK CIEP\u0141O<\/title>\n<meta name=\"description\" content=\"G\u0142\u00f3wne nuty zapachowe: smo\u0142a brzozowa, ig\u0142a sosnowa, malina Cedr, paczula, drzewo sanda\u0142owePojemno\u015b\u0107: 300ml woskuWymiary: 9.7cm x 8cmCzas palenia: 50h\" \/>\n<meta name=\"robots\" content=\"index, follow, max-snippet:-1, max-image-preview:large, max-video-preview:-1\" \/>\n<link rel=\"canonical\" href=\"https:\/\/jakcieplo.pl\/en\/product\/swieca-sojowa-palone-drewno\/\" \/>\n<meta property=\"og:locale\" content=\"en_GB\" \/>\n<meta property=\"og:type\" content=\"article\" \/>\n<meta property=\"og:title\" content=\"\u015awieca sojowa PALONE DREWNO - JAK CIEP\u0141O\" \/>\n<meta property=\"og:description\" content=\"G\u0142\u00f3wne nuty zapachowe: smo\u0142a brzozowa, ig\u0142a sosnowa, malina Cedr, paczula, drzewo sanda\u0142owePojemno\u015b\u0107: 300ml woskuWymiary: 9.7cm x 8cmCzas palenia: 50h\" \/>\n<meta property=\"og:url\" content=\"https:\/\/jakcieplo.pl\/en\/product\/swieca-sojowa-palone-drewno\/\" \/>\n<meta property=\"og:site_name\" content=\"JAK CIEP\u0141O\" \/>\n<meta property=\"article:modified_time\" content=\"2025-01-06T20:52:24+00:00\" \/>\n<meta property=\"og:image\" content=\"https:\/\/jakcieplo.pl\/wp-content\/uploads\/2025\/01\/DSC_3475-e1734988308665.jpg\" \/>\n\t<meta property=\"og:image:width\" content=\"1000\" \/>\n\t<meta property=\"og:image:height\" content=\"1000\" \/>\n\t<meta property=\"og:image:type\" content=\"image\/jpeg\" \/>\n<meta name=\"twitter:card\" content=\"summary_large_image\" \/>\n<meta name=\"twitter:label1\" content=\"Estimated reading time\" \/>\n\t<meta name=\"twitter:data1\" content=\"1 minute\" \/>\n<script type=\"application\/ld+json\" class=\"yoast-schema-graph\">{\"@context\":\"https:\/\/schema.org\",\"@graph\":[{\"@type\":\"WebPage\",\"@id\":\"https:\/\/jakcieplo.pl\/produkt\/swieca-sojowa-palone-drewno\/\",\"url\":\"https:\/\/jakcieplo.pl\/produkt\/swieca-sojowa-palone-drewno\/\",\"name\":\"\u015awieca sojowa PALONE DREWNO - JAK CIEP\u0141O\",\"isPartOf\":{\"@id\":\"https:\/\/jakcieplo.pl\/#website\"},\"primaryImageOfPage\":{\"@id\":\"https:\/\/jakcieplo.pl\/produkt\/swieca-sojowa-palone-drewno\/#primaryimage\"},\"image\":{\"@id\":\"https:\/\/jakcieplo.pl\/produkt\/swieca-sojowa-palone-drewno\/#primaryimage\"},\"thumbnailUrl\":\"https:\/\/jakcieplo.pl\/wp-content\/uploads\/2025\/01\/DSC_3475-e1734988308665.jpg\",\"datePublished\":\"2025-01-01T15:42:36+00:00\",\"dateModified\":\"2025-01-06T20:52:24+00:00\",\"description\":\"G\u0142\u00f3wne nuty zapachowe: smo\u0142a brzozowa, ig\u0142a sosnowa, malina Cedr, paczula, drzewo sanda\u0142owePojemno\u015b\u0107: 300ml woskuWymiary: 9.7cm x 8cmCzas palenia: 50h\",\"breadcrumb\":{\"@id\":\"https:\/\/jakcieplo.pl\/produkt\/swieca-sojowa-palone-drewno\/#breadcrumb\"},\"inLanguage\":\"en-GB\",\"potentialAction\":[{\"@type\":\"ReadAction\",\"target\":[\"https:\/\/jakcieplo.pl\/produkt\/swieca-sojowa-palone-drewno\/\"]}]},{\"@type\":\"ImageObject\",\"inLanguage\":\"en-GB\",\"@id\":\"https:\/\/jakcieplo.pl\/produkt\/swieca-sojowa-palone-drewno\/#primaryimage\",\"url\":\"https:\/\/jakcieplo.pl\/wp-content\/uploads\/2025\/01\/DSC_3475-e1734988308665.jpg\",\"contentUrl\":\"https:\/\/jakcieplo.pl\/wp-content\/uploads\/2025\/01\/DSC_3475-e1734988308665.jpg\",\"width\":1000,\"height\":1000},{\"@type\":\"BreadcrumbList\",\"@id\":\"https:\/\/jakcieplo.pl\/produkt\/swieca-sojowa-palone-drewno\/#breadcrumb\",\"itemListElement\":[{\"@type\":\"ListItem\",\"position\":1,\"name\":\"Strona g\u0142\u00f3wna\",\"item\":\"https:\/\/jakcieplo.pl\/\"},{\"@type\":\"ListItem\",\"position\":2,\"name\":\"\u015awiece sojowe oraz warsztaty z ceramiki\",\"item\":\"https:\/\/jakcieplo.pl\/sklep\/\"},{\"@type\":\"ListItem\",\"position\":3,\"name\":\"\u015awieca sojowa PALONE DREWNO\"}]},{\"@type\":\"WebSite\",\"@id\":\"https:\/\/jakcieplo.pl\/#website\",\"url\":\"https:\/\/jakcieplo.pl\/\",\"name\":\"Naturalne \u015bwiece i warsztaty z ceramiki Gda\u0144sk\",\"description\":\"Naturalne \u015bwiece sojowe oraz warsztaty z ceramiki\",\"publisher\":{\"@id\":\"https:\/\/jakcieplo.pl\/#organization\"},\"alternateName\":\"Zapachowe \u015bwiece, warsztaty z ceramiki\",\"potentialAction\":[{\"@type\":\"SearchAction\",\"target\":{\"@type\":\"EntryPoint\",\"urlTemplate\":\"https:\/\/jakcieplo.pl\/?s={search_term_string}\"},\"query-input\":{\"@type\":\"PropertyValueSpecification\",\"valueRequired\":true,\"valueName\":\"search_term_string\"}}],\"inLanguage\":\"en-GB\"},{\"@type\":\"Organization\",\"@id\":\"https:\/\/jakcieplo.pl\/#organization\",\"name\":\"JAKCIEP\u0141O\",\"alternateName\":\"\u015awiece sojowe sklep online, warsztaty z Ceramiki Gda\u0144sk\",\"url\":\"https:\/\/jakcieplo.pl\/\",\"logo\":{\"@type\":\"ImageObject\",\"inLanguage\":\"en-GB\",\"@id\":\"https:\/\/jakcieplo.pl\/#\/schema\/logo\/image\/\",\"url\":\"https:\/\/jakcieplo.pl\/wp-content\/uploads\/2025\/01\/cropped-cropped-logsa2-e1759261422133.webp\",\"contentUrl\":\"https:\/\/jakcieplo.pl\/wp-content\/uploads\/2025\/01\/cropped-cropped-logsa2-e1759261422133.webp\",\"width\":264,\"height\":400,\"caption\":\"JAKCIEP\u0141O\"},\"image\":{\"@id\":\"https:\/\/jakcieplo.pl\/#\/schema\/logo\/image\/\"},\"sameAs\":[\"https:\/\/www.instagram.com\/jak.cieplo\/\",\"https:\/\/www.tiktok.com\/@jak.cieplo?_t=8siAq4mJYyA&_r=1\"]}]}<\/script>\n<!-- \/ Yoast SEO plugin. -->","yoast_head_json":{"title":"\u015awieca sojowa PALONE DREWNO - JAK CIEP\u0141O","description":"G\u0142\u00f3wne nuty zapachowe: smo\u0142a brzozowa, ig\u0142a sosnowa, malina Cedr, paczula, drzewo sanda\u0142owePojemno\u015b\u0107: 300ml woskuWymiary: 9.7cm x 8cmCzas palenia: 50h","robots":{"index":"index","follow":"follow","max-snippet":"max-snippet:-1","max-image-preview":"max-image-preview:large","max-video-preview":"max-video-preview:-1"},"canonical":"https:\/\/jakcieplo.pl\/en\/product\/swieca-sojowa-palone-drewno\/","og_locale":"en_GB","og_type":"article","og_title":"\u015awieca sojowa PALONE DREWNO - JAK CIEP\u0141O","og_description":"G\u0142\u00f3wne nuty zapachowe: smo\u0142a brzozowa, ig\u0142a sosnowa, malina Cedr, paczula, drzewo sanda\u0142owePojemno\u015b\u0107: 300ml woskuWymiary: 9.7cm x 8cmCzas palenia: 50h","og_url":"https:\/\/jakcieplo.pl\/en\/product\/swieca-sojowa-palone-drewno\/","og_site_name":"JAK CIEP\u0141O","article_modified_time":"2025-01-06T20:52:24+00:00","og_image":[{"width":1000,"height":1000,"url":"https:\/\/jakcieplo.pl\/wp-content\/uploads\/2025\/01\/DSC_3475-e1734988308665.jpg","type":"image\/jpeg"}],"twitter_card":"summary_large_image","twitter_misc":{"Estimated reading time":"1 minute"},"schema":{"@context":"https:\/\/schema.org","@graph":[{"@type":"WebPage","@id":"https:\/\/jakcieplo.pl\/produkt\/swieca-sojowa-palone-drewno\/","url":"https:\/\/jakcieplo.pl\/produkt\/swieca-sojowa-palone-drewno\/","name":"\u015awieca sojowa PALONE DREWNO - JAK CIEP\u0141O","isPartOf":{"@id":"https:\/\/jakcieplo.pl\/#website"},"primaryImageOfPage":{"@id":"https:\/\/jakcieplo.pl\/produkt\/swieca-sojowa-palone-drewno\/#primaryimage"},"image":{"@id":"https:\/\/jakcieplo.pl\/produkt\/swieca-sojowa-palone-drewno\/#primaryimage"},"thumbnailUrl":"https:\/\/jakcieplo.pl\/wp-content\/uploads\/2025\/01\/DSC_3475-e1734988308665.jpg","datePublished":"2025-01-01T15:42:36+00:00","dateModified":"2025-01-06T20:52:24+00:00","description":"G\u0142\u00f3wne nuty zapachowe: smo\u0142a brzozowa, ig\u0142a sosnowa, malina Cedr, paczula, drzewo sanda\u0142owePojemno\u015b\u0107: 300ml woskuWymiary: 9.7cm x 8cmCzas palenia: 50h","breadcrumb":{"@id":"https:\/\/jakcieplo.pl\/produkt\/swieca-sojowa-palone-drewno\/#breadcrumb"},"inLanguage":"en-GB","potentialAction":[{"@type":"ReadAction","target":["https:\/\/jakcieplo.pl\/produkt\/swieca-sojowa-palone-drewno\/"]}]},{"@type":"ImageObject","inLanguage":"en-GB","@id":"https:\/\/jakcieplo.pl\/produkt\/swieca-sojowa-palone-drewno\/#primaryimage","url":"https:\/\/jakcieplo.pl\/wp-content\/uploads\/2025\/01\/DSC_3475-e1734988308665.jpg","contentUrl":"https:\/\/jakcieplo.pl\/wp-content\/uploads\/2025\/01\/DSC_3475-e1734988308665.jpg","width":1000,"height":1000},{"@type":"BreadcrumbList","@id":"https:\/\/jakcieplo.pl\/produkt\/swieca-sojowa-palone-drewno\/#breadcrumb","itemListElement":[{"@type":"ListItem","position":1,"name":"Strona g\u0142\u00f3wna","item":"https:\/\/jakcieplo.pl\/"},{"@type":"ListItem","position":2,"name":"\u015awiece sojowe oraz warsztaty z ceramiki","item":"https:\/\/jakcieplo.pl\/sklep\/"},{"@type":"ListItem","position":3,"name":"\u015awieca sojowa PALONE DREWNO"}]},{"@type":"WebSite","@id":"https:\/\/jakcieplo.pl\/#website","url":"https:\/\/jakcieplo.pl\/","name":"Naturalne \u015bwiece i warsztaty z ceramiki Gda\u0144sk","description":"Naturalne \u015bwiece sojowe oraz warsztaty z ceramiki","publisher":{"@id":"https:\/\/jakcieplo.pl\/#organization"},"alternateName":"Zapachowe \u015bwiece, warsztaty z ceramiki","potentialAction":[{"@type":"SearchAction","target":{"@type":"EntryPoint","urlTemplate":"https:\/\/jakcieplo.pl\/?s={search_term_string}"},"query-input":{"@type":"PropertyValueSpecification","valueRequired":true,"valueName":"search_term_string"}}],"inLanguage":"en-GB"},{"@type":"Organization","@id":"https:\/\/jakcieplo.pl\/#organization","name":"JAKCIEP\u0141O","alternateName":"\u015awiece sojowe sklep online, warsztaty z Ceramiki Gda\u0144sk","url":"https:\/\/jakcieplo.pl\/","logo":{"@type":"ImageObject","inLanguage":"en-GB","@id":"https:\/\/jakcieplo.pl\/#\/schema\/logo\/image\/","url":"https:\/\/jakcieplo.pl\/wp-content\/uploads\/2025\/01\/cropped-cropped-logsa2-e1759261422133.webp","contentUrl":"https:\/\/jakcieplo.pl\/wp-content\/uploads\/2025\/01\/cropped-cropped-logsa2-e1759261422133.webp","width":264,"height":400,"caption":"JAKCIEP\u0141O"},"image":{"@id":"https:\/\/jakcieplo.pl\/#\/schema\/logo\/image\/"},"sameAs":["https:\/\/www.instagram.com\/jak.cieplo\/","https:\/\/www.tiktok.com\/@jak.cieplo?_t=8siAq4mJYyA&_r=1"]}]}},"_links":{"self":[{"href":"https:\/\/jakcieplo.pl\/en\/wp-json\/wp\/v2\/product\/2653","targetHints":{"allow":["GET"]}}],"collection":[{"href":"https:\/\/jakcieplo.pl\/en\/wp-json\/wp\/v2\/product"}],"about":[{"href":"https:\/\/jakcieplo.pl\/en\/wp-json\/wp\/v2\/types\/product"}],"wp:featuredmedia":[{"embeddable":true,"href":"https:\/\/jakcieplo.pl\/en\/wp-json\/wp\/v2\/media\/2727"}],"wp:attachment":[{"href":"https:\/\/jakcieplo.pl\/en\/wp-json\/wp\/v2\/media?parent=2653"}],"wp:term":[{"taxonomy":"product_brand","embeddable":true,"href":"https:\/\/jakcieplo.pl\/en\/wp-json\/wp\/v2\/product_brand?post=2653"},{"taxonomy":"product_cat","embeddable":true,"href":"https:\/\/jakcieplo.pl\/en\/wp-json\/wp\/v2\/product_cat?post=2653"},{"taxonomy":"product_tag","embeddable":true,"href":"https:\/\/jakcieplo.pl\/en\/wp-json\/wp\/v2\/product_tag?post=2653"}],"curies":[{"name":"wp","href":"https:\/\/api.w.org\/{rel}","templated":true}]}}