{"id":3719,"date":"2025-08-31T12:47:14","date_gmt":"2025-08-31T10:47:14","guid":{"rendered":"https:\/\/jakcieplo.pl\/?post_type=product&#038;p=3719"},"modified":"2025-12-18T11:50:14","modified_gmt":"2025-12-18T10:50:14","slug":"czarka-maske","status":"publish","type":"product","link":"https:\/\/jakcieplo.pl\/en\/product\/czarka-maske\/","title":{"rendered":"Bowl | M\u00e5ske |"},"content":{"rendered":"<p>These cups, entirely handcrafted, carry both raw naturalness and the precision of craftsmanship. Each one is a unique miniature work of art \u2014 adorned with a one-of-a-kind arrangement of glaze spots, turning the everyday ritual of drinking coffee or tea into a richer, deeper, and more personal experience.<strong>\u00a0Intended for contact with food and water.<\/strong><\/p>\n<p><strong>Capacity:\u00a0<\/strong><\/p>\n<p>300 ml.<\/p>\n<p><strong>Materials<\/strong><\/p>\n<p>Light glazed clay \/ fired at 1250\u00b0C<\/p>\n<p>&nbsp;<\/p>\n<p><strong>Processing time <\/strong>2\u20135 business days \/ larger orders: 3\u20134 weeks.<\/p>","protected":false},"excerpt":{"rendered":"<p>Handcrafted artistry, unique design, uncompromising form \u2014 cups that make everyday life exceptional.<\/p>","protected":false},"featured_media":3728,"template":"","meta":{"_kad_post_transparent":"default","_kad_post_title":"","_kad_post_layout":"default","_kad_post_sidebar_id":"","_kad_post_content_style":"default","_kad_post_vertical_padding":"default","_kad_post_feature":"","_kad_post_feature_position":"","_kad_post_header":false,"_kad_post_footer":false,"_kad_post_classname":""},"product_brand":[],"product_cat":[32],"product_tag":[],"class_list":{"0":"post-3719","1":"product","2":"type-product","3":"status-publish","4":"has-post-thumbnail","6":"product_cat-ceramika","8":"first","9":"instock","10":"shipping-taxable","11":"purchasable","12":"product-type-simple","13":"entry","14":"content-bg","15":"loop-entry"},"yoast_head":"<!-- This site is optimized with the Yoast SEO plugin v26.6 - https:\/\/yoast.com\/wordpress\/plugins\/seo\/ -->\n<title>Czarka | M\u00e5ske | - JAK CIEP\u0141O<\/title>\n<meta name=\"description\" content=\"Te czarki, tworzone w ca\u0142o\u015bci r\u0119cznie, nios\u0105 w sobie zar\u00f3wno surow\u0105 naturalno\u015b\u0107 i precyzj\u0119 rzemios\u0142a.\" \/>\n<meta name=\"robots\" content=\"index, follow, max-snippet:-1, max-image-preview:large, max-video-preview:-1\" \/>\n<link rel=\"canonical\" href=\"https:\/\/jakcieplo.pl\/en\/product\/czarka-maske\/\" \/>\n<meta property=\"og:locale\" content=\"en_GB\" \/>\n<meta property=\"og:type\" content=\"article\" \/>\n<meta property=\"og:title\" content=\"Czarka | M\u00e5ske | - JAK CIEP\u0141O\" \/>\n<meta property=\"og:description\" content=\"Te czarki, tworzone w ca\u0142o\u015bci r\u0119cznie, nios\u0105 w sobie zar\u00f3wno surow\u0105 naturalno\u015b\u0107 i precyzj\u0119 rzemios\u0142a.\" \/>\n<meta property=\"og:url\" content=\"https:\/\/jakcieplo.pl\/en\/product\/czarka-maske\/\" \/>\n<meta property=\"og:site_name\" content=\"JAK CIEP\u0141O\" \/>\n<meta property=\"article:modified_time\" content=\"2025-12-18T10:50:14+00:00\" \/>\n<meta property=\"og:image\" content=\"https:\/\/jakcieplo.pl\/wp-content\/uploads\/2025\/08\/DSC06420-scaled.jpg\" \/>\n\t<meta property=\"og:image:width\" content=\"1707\" \/>\n\t<meta property=\"og:image:height\" content=\"2560\" \/>\n\t<meta property=\"og:image:type\" content=\"image\/jpeg\" \/>\n<meta name=\"twitter:card\" content=\"summary_large_image\" \/>\n<meta name=\"twitter:label1\" content=\"Estimated reading time\" \/>\n\t<meta name=\"twitter:data1\" content=\"1 minute\" \/>\n<script type=\"application\/ld+json\" class=\"yoast-schema-graph\">{\"@context\":\"https:\/\/schema.org\",\"@graph\":[{\"@type\":\"WebPage\",\"@id\":\"https:\/\/jakcieplo.pl\/produkt\/czarka-maske\/\",\"url\":\"https:\/\/jakcieplo.pl\/produkt\/czarka-maske\/\",\"name\":\"Czarka | M\u00e5ske | - JAK CIEP\u0141O\",\"isPartOf\":{\"@id\":\"https:\/\/jakcieplo.pl\/#website\"},\"primaryImageOfPage\":{\"@id\":\"https:\/\/jakcieplo.pl\/produkt\/czarka-maske\/#primaryimage\"},\"image\":{\"@id\":\"https:\/\/jakcieplo.pl\/produkt\/czarka-maske\/#primaryimage\"},\"thumbnailUrl\":\"https:\/\/jakcieplo.pl\/wp-content\/uploads\/2025\/08\/DSC06420-scaled.jpg\",\"datePublished\":\"2025-08-31T10:47:14+00:00\",\"dateModified\":\"2025-12-18T10:50:14+00:00\",\"description\":\"Te czarki, tworzone w ca\u0142o\u015bci r\u0119cznie, nios\u0105 w sobie zar\u00f3wno surow\u0105 naturalno\u015b\u0107 i precyzj\u0119 rzemios\u0142a.\",\"breadcrumb\":{\"@id\":\"https:\/\/jakcieplo.pl\/produkt\/czarka-maske\/#breadcrumb\"},\"inLanguage\":\"en-GB\",\"potentialAction\":[{\"@type\":\"ReadAction\",\"target\":[\"https:\/\/jakcieplo.pl\/produkt\/czarka-maske\/\"]}]},{\"@type\":\"ImageObject\",\"inLanguage\":\"en-GB\",\"@id\":\"https:\/\/jakcieplo.pl\/produkt\/czarka-maske\/#primaryimage\",\"url\":\"https:\/\/jakcieplo.pl\/wp-content\/uploads\/2025\/08\/DSC06420-scaled.jpg\",\"contentUrl\":\"https:\/\/jakcieplo.pl\/wp-content\/uploads\/2025\/08\/DSC06420-scaled.jpg\",\"width\":1707,\"height\":2560},{\"@type\":\"BreadcrumbList\",\"@id\":\"https:\/\/jakcieplo.pl\/produkt\/czarka-maske\/#breadcrumb\",\"itemListElement\":[{\"@type\":\"ListItem\",\"position\":1,\"name\":\"Strona g\u0142\u00f3wna\",\"item\":\"https:\/\/jakcieplo.pl\/\"},{\"@type\":\"ListItem\",\"position\":2,\"name\":\"\u015awiece sojowe oraz warsztaty z ceramiki\",\"item\":\"https:\/\/jakcieplo.pl\/sklep\/\"},{\"@type\":\"ListItem\",\"position\":3,\"name\":\"Czarka | M\u00e5ske |\"}]},{\"@type\":\"WebSite\",\"@id\":\"https:\/\/jakcieplo.pl\/#website\",\"url\":\"https:\/\/jakcieplo.pl\/\",\"name\":\"Naturalne \u015bwiece i warsztaty z ceramiki Gda\u0144sk\",\"description\":\"Naturalne \u015bwiece sojowe oraz warsztaty z ceramiki\",\"publisher\":{\"@id\":\"https:\/\/jakcieplo.pl\/#organization\"},\"alternateName\":\"Zapachowe \u015bwiece, warsztaty z ceramiki\",\"potentialAction\":[{\"@type\":\"SearchAction\",\"target\":{\"@type\":\"EntryPoint\",\"urlTemplate\":\"https:\/\/jakcieplo.pl\/?s={search_term_string}\"},\"query-input\":{\"@type\":\"PropertyValueSpecification\",\"valueRequired\":true,\"valueName\":\"search_term_string\"}}],\"inLanguage\":\"en-GB\"},{\"@type\":\"Organization\",\"@id\":\"https:\/\/jakcieplo.pl\/#organization\",\"name\":\"JAKCIEP\u0141O\",\"alternateName\":\"\u015awiece sojowe sklep online, warsztaty z Ceramiki Gda\u0144sk\",\"url\":\"https:\/\/jakcieplo.pl\/\",\"logo\":{\"@type\":\"ImageObject\",\"inLanguage\":\"en-GB\",\"@id\":\"https:\/\/jakcieplo.pl\/#\/schema\/logo\/image\/\",\"url\":\"https:\/\/jakcieplo.pl\/wp-content\/uploads\/2025\/01\/cropped-cropped-logsa2-e1759261422133.webp\",\"contentUrl\":\"https:\/\/jakcieplo.pl\/wp-content\/uploads\/2025\/01\/cropped-cropped-logsa2-e1759261422133.webp\",\"width\":264,\"height\":400,\"caption\":\"JAKCIEP\u0141O\"},\"image\":{\"@id\":\"https:\/\/jakcieplo.pl\/#\/schema\/logo\/image\/\"},\"sameAs\":[\"https:\/\/www.instagram.com\/jak.cieplo\/\",\"https:\/\/www.tiktok.com\/@jak.cieplo?_t=8siAq4mJYyA&_r=1\"]}]}<\/script>\n<!-- \/ Yoast SEO plugin. -->","yoast_head_json":{"title":"Czarka | M\u00e5ske | - JAK CIEP\u0141O","description":"Te czarki, tworzone w ca\u0142o\u015bci r\u0119cznie, nios\u0105 w sobie zar\u00f3wno surow\u0105 naturalno\u015b\u0107 i precyzj\u0119 rzemios\u0142a.","robots":{"index":"index","follow":"follow","max-snippet":"max-snippet:-1","max-image-preview":"max-image-preview:large","max-video-preview":"max-video-preview:-1"},"canonical":"https:\/\/jakcieplo.pl\/en\/product\/czarka-maske\/","og_locale":"en_GB","og_type":"article","og_title":"Czarka | M\u00e5ske | - JAK CIEP\u0141O","og_description":"Te czarki, tworzone w ca\u0142o\u015bci r\u0119cznie, nios\u0105 w sobie zar\u00f3wno surow\u0105 naturalno\u015b\u0107 i precyzj\u0119 rzemios\u0142a.","og_url":"https:\/\/jakcieplo.pl\/en\/product\/czarka-maske\/","og_site_name":"JAK CIEP\u0141O","article_modified_time":"2025-12-18T10:50:14+00:00","og_image":[{"width":1707,"height":2560,"url":"https:\/\/jakcieplo.pl\/wp-content\/uploads\/2025\/08\/DSC06420-scaled.jpg","type":"image\/jpeg"}],"twitter_card":"summary_large_image","twitter_misc":{"Estimated reading time":"1 minute"},"schema":{"@context":"https:\/\/schema.org","@graph":[{"@type":"WebPage","@id":"https:\/\/jakcieplo.pl\/produkt\/czarka-maske\/","url":"https:\/\/jakcieplo.pl\/produkt\/czarka-maske\/","name":"Czarka | M\u00e5ske | - JAK CIEP\u0141O","isPartOf":{"@id":"https:\/\/jakcieplo.pl\/#website"},"primaryImageOfPage":{"@id":"https:\/\/jakcieplo.pl\/produkt\/czarka-maske\/#primaryimage"},"image":{"@id":"https:\/\/jakcieplo.pl\/produkt\/czarka-maske\/#primaryimage"},"thumbnailUrl":"https:\/\/jakcieplo.pl\/wp-content\/uploads\/2025\/08\/DSC06420-scaled.jpg","datePublished":"2025-08-31T10:47:14+00:00","dateModified":"2025-12-18T10:50:14+00:00","description":"Te czarki, tworzone w ca\u0142o\u015bci r\u0119cznie, nios\u0105 w sobie zar\u00f3wno surow\u0105 naturalno\u015b\u0107 i precyzj\u0119 rzemios\u0142a.","breadcrumb":{"@id":"https:\/\/jakcieplo.pl\/produkt\/czarka-maske\/#breadcrumb"},"inLanguage":"en-GB","potentialAction":[{"@type":"ReadAction","target":["https:\/\/jakcieplo.pl\/produkt\/czarka-maske\/"]}]},{"@type":"ImageObject","inLanguage":"en-GB","@id":"https:\/\/jakcieplo.pl\/produkt\/czarka-maske\/#primaryimage","url":"https:\/\/jakcieplo.pl\/wp-content\/uploads\/2025\/08\/DSC06420-scaled.jpg","contentUrl":"https:\/\/jakcieplo.pl\/wp-content\/uploads\/2025\/08\/DSC06420-scaled.jpg","width":1707,"height":2560},{"@type":"BreadcrumbList","@id":"https:\/\/jakcieplo.pl\/produkt\/czarka-maske\/#breadcrumb","itemListElement":[{"@type":"ListItem","position":1,"name":"Strona g\u0142\u00f3wna","item":"https:\/\/jakcieplo.pl\/"},{"@type":"ListItem","position":2,"name":"\u015awiece sojowe oraz warsztaty z ceramiki","item":"https:\/\/jakcieplo.pl\/sklep\/"},{"@type":"ListItem","position":3,"name":"Czarka | M\u00e5ske |"}]},{"@type":"WebSite","@id":"https:\/\/jakcieplo.pl\/#website","url":"https:\/\/jakcieplo.pl\/","name":"Naturalne \u015bwiece i warsztaty z ceramiki Gda\u0144sk","description":"Naturalne \u015bwiece sojowe oraz warsztaty z ceramiki","publisher":{"@id":"https:\/\/jakcieplo.pl\/#organization"},"alternateName":"Zapachowe \u015bwiece, warsztaty z ceramiki","potentialAction":[{"@type":"SearchAction","target":{"@type":"EntryPoint","urlTemplate":"https:\/\/jakcieplo.pl\/?s={search_term_string}"},"query-input":{"@type":"PropertyValueSpecification","valueRequired":true,"valueName":"search_term_string"}}],"inLanguage":"en-GB"},{"@type":"Organization","@id":"https:\/\/jakcieplo.pl\/#organization","name":"JAKCIEP\u0141O","alternateName":"\u015awiece sojowe sklep online, warsztaty z Ceramiki Gda\u0144sk","url":"https:\/\/jakcieplo.pl\/","logo":{"@type":"ImageObject","inLanguage":"en-GB","@id":"https:\/\/jakcieplo.pl\/#\/schema\/logo\/image\/","url":"https:\/\/jakcieplo.pl\/wp-content\/uploads\/2025\/01\/cropped-cropped-logsa2-e1759261422133.webp","contentUrl":"https:\/\/jakcieplo.pl\/wp-content\/uploads\/2025\/01\/cropped-cropped-logsa2-e1759261422133.webp","width":264,"height":400,"caption":"JAKCIEP\u0141O"},"image":{"@id":"https:\/\/jakcieplo.pl\/#\/schema\/logo\/image\/"},"sameAs":["https:\/\/www.instagram.com\/jak.cieplo\/","https:\/\/www.tiktok.com\/@jak.cieplo?_t=8siAq4mJYyA&_r=1"]}]}},"_links":{"self":[{"href":"https:\/\/jakcieplo.pl\/en\/wp-json\/wp\/v2\/product\/3719","targetHints":{"allow":["GET"]}}],"collection":[{"href":"https:\/\/jakcieplo.pl\/en\/wp-json\/wp\/v2\/product"}],"about":[{"href":"https:\/\/jakcieplo.pl\/en\/wp-json\/wp\/v2\/types\/product"}],"wp:featuredmedia":[{"embeddable":true,"href":"https:\/\/jakcieplo.pl\/en\/wp-json\/wp\/v2\/media\/3728"}],"wp:attachment":[{"href":"https:\/\/jakcieplo.pl\/en\/wp-json\/wp\/v2\/media?parent=3719"}],"wp:term":[{"taxonomy":"product_brand","embeddable":true,"href":"https:\/\/jakcieplo.pl\/en\/wp-json\/wp\/v2\/product_brand?post=3719"},{"taxonomy":"product_cat","embeddable":true,"href":"https:\/\/jakcieplo.pl\/en\/wp-json\/wp\/v2\/product_cat?post=3719"},{"taxonomy":"product_tag","embeddable":true,"href":"https:\/\/jakcieplo.pl\/en\/wp-json\/wp\/v2\/product_tag?post=3719"}],"curies":[{"name":"wp","href":"https:\/\/api.w.org\/{rel}","templated":true}]}}