{"id":4671,"date":"2026-03-02T21:13:13","date_gmt":"2026-03-02T20:13:13","guid":{"rendered":"https:\/\/jakcieplo.pl\/?post_type=product&#038;p=4671"},"modified":"2026-03-17T14:27:40","modified_gmt":"2026-03-17T13:27:40","slug":"warsztaty-ceramiczne-8-03-2026-dzien-kobiet-ii-termin","status":"publish","type":"product","link":"https:\/\/jakcieplo.pl\/en\/product\/warsztaty-ceramiczne-8-03-2026-dzien-kobiet-ii-termin\/","title":{"rendered":"Warsztaty ceramiczne 8\/03\/2026 DZIE\u0143 KOBIET! ** II TERMIN **"},"content":{"rendered":"<p><i><span style=\"font-weight: 400;\">If you're looking for a unique gift, this option is for you!<\/span><\/i><i><span style=\"font-weight: 400;\"><br \/>\n<\/span><\/i><i><span style=\"font-weight: 400;\">skontaktuj si\u0119 ze mn\u0105 w celu um\u00f3wienia warsztat\u00f3w \u2013 <\/span><\/i><b><i>787\u00a0789\u00a0005.<\/i><\/b><i><span style=\"font-weight: 400;\"><br \/>\n<\/span><\/i><i><span style=\"font-weight: 400;\"><br \/>\n<\/span><\/i><\/p>","protected":false},"excerpt":{"rendered":"<p style=\"font-weight: 400;\">**** II\u00a0 TERMIN ****<br \/>\n8 MARCA 15:30-18.00<\/p>\n<p style=\"font-weight: 400;\">Z okazji 8 marca zapraszamy <em>JAK CIEP\u0141O x KAWANA<\/em>\u00a0na wyj\u0105tkowe warsztaty ceramiczne\u00a0<strong>ULEP SOBIE KUBEK \/ NAUCZ SI\u0118 PARZY\u0106 KAW\u0118<\/strong>\u00a0\u2013 spotkanie, w kt\u00f3rym \u0142\u0105czymy rzemios\u0142o ceramiczne ze sztuk\u0105 parzenia kawy.<\/p>\n<p style=\"font-weight: 400;\">To przestrze\u0144 dla wszystkich \u2013 dziewczyn i ch\u0142opak\u00f3w, par i singli, przyjaci\u00f3\u0142 i rodzin. Bo Dzie\u0144 Kobiet to nie tylko \u015bwi\u0119to, ale te\u017c wspania\u0142a okazja do bycia razem.<\/p>\n<p style=\"font-weight: 400;\">Podczas warsztat\u00f3w:<br \/>\nzanurzysz d\u0142onie w glinie i stworzysz sw\u00f3j autorski kubek<br \/>\nodpr\u0119\u017cysz si\u0119 w tw\u00f3rczej, swobodnej atmosferze<br \/>\nnauczysz si\u0119 parzenia kawy, kt\u00f3ra smakuje Ci najbardziej<br \/>\ndowiesz si\u0119, czym si\u0119 kierowa\u0107 przy wyborze kawy<br \/>\nstworzysz co\u015b, co b\u0119dzie codziennie przypomina\u0107 Ci o tym do\u015bwiadczeniu<\/p>\n<p style=\"font-weight: 400;\">Podczas warsztatu zostaniesz wyposa\u017cony we wszystkie narz\u0119dzia oraz wiedz\u0119, kt\u00f3ra pomo\u017ce Ci stworzy\u0107 sw\u00f3j w\u0142asny kubek ceramiczny od podstaw oraz wypi\u0107 z niego ulubion\u0105, wyselekcjonowan\u0105 przez siebie kaw\u0119. Poka\u017cemy Ci drog\u0119 kawy od uprawy po fili\u017cank\u0119, spr\u00f3bujemy r\u00f3\u017cnych metod parzenia i w prosty spos\u00f3b wprowadzimy Ci\u0119 w \u015bwiat smak\u00f3w oraz aromat\u00f3w, ucz\u0105c, jak \u015bwiadomie wybiera\u0107 kaw\u0119 i rozpoznawa\u0107 jej nuty.<\/p>\n<p style=\"font-weight: 400;\">Podaruj sobie lub komu\u015b wyj\u0105tkowy czas \u2013 zamiast klasycznych kwiat\u00f3w wybierz do\u015bwiadczenie, kt\u00f3re zostaje na d\u0142u\u017cej.<\/p>\n<p style=\"font-weight: 400;\">Kiedy: 8\/03\/2026<br \/>\nGdzie: Gda\u0144sk ul. 3 maja<br \/>\nCzas trwania: 2.5h<br \/>\nCena*: 250 z\u0142<\/p>\n<p>*cena obejmuje wszystkie materia\u0142y: glina, narz\u0119dzia, 2 wypa\u0142y w piecu ceramicznym, szkliwienie kubk\u00f3w, degustacja kawy, parzenie kawy r\u00f3\u017cnymi metodami, przek\u0105ski.<\/p>","protected":false},"featured_media":4672,"template":"","meta":{"_kad_post_transparent":"default","_kad_post_title":"","_kad_post_layout":"default","_kad_post_sidebar_id":"","_kad_post_content_style":"default","_kad_post_vertical_padding":"default","_kad_post_feature":"","_kad_post_feature_position":"","_kad_post_header":false,"_kad_post_footer":false,"_kad_post_classname":""},"product_brand":[],"product_cat":[29],"product_tag":[],"class_list":{"0":"post-4671","1":"product","2":"type-product","3":"status-publish","4":"has-post-thumbnail","6":"product_cat-warsztaty","8":"first","9":"outofstock","10":"shipping-taxable","11":"purchasable","12":"product-type-simple","13":"entry","14":"content-bg","15":"loop-entry"},"yoast_head":"<!-- This site is optimized with the Yoast SEO plugin v26.6 - https:\/\/yoast.com\/wordpress\/plugins\/seo\/ -->\n<title>Warsztaty ceramiczne 8\/03\/2026 DZIE\u0143 KOBIET! ** II TERMIN ** - JAK CIEP\u0141O<\/title>\n<meta name=\"robots\" content=\"index, follow, max-snippet:-1, max-image-preview:large, max-video-preview:-1\" \/>\n<link rel=\"canonical\" href=\"https:\/\/jakcieplo.pl\/en\/product\/warsztaty-ceramiczne-8-03-2026-dzien-kobiet-ii-termin\/\" \/>\n<meta property=\"og:locale\" content=\"en_GB\" \/>\n<meta property=\"og:type\" content=\"article\" \/>\n<meta property=\"og:title\" content=\"Warsztaty ceramiczne 8\/03\/2026 DZIE\u0143 KOBIET! ** II TERMIN ** - JAK CIEP\u0141O\" \/>\n<meta property=\"og:description\" content=\"**** II\u00a0 TERMIN **** 8 MARCA 15:30-18.00 Z okazji 8 marca zapraszamy JAK CIEP\u0141O x KAWANA\u00a0na wyj\u0105tkowe warsztaty ceramiczne\u00a0ULEP SOBIE KUBEK \/ NAUCZ SI\u0118 PARZY\u0106 KAW\u0118\u00a0\u2013 spotkanie, w kt\u00f3rym \u0142\u0105czymy rzemios\u0142o ceramiczne ze sztuk\u0105 parzenia kawy. To przestrze\u0144 dla wszystkich \u2013 dziewczyn i ch\u0142opak\u00f3w, par i singli, przyjaci\u00f3\u0142 i rodzin. Bo Dzie\u0144 Kobiet to nie tylko \u015bwi\u0119to, ale te\u017c wspania\u0142a okazja do bycia razem. Podczas warsztat\u00f3w: zanurzysz d\u0142onie w glinie i stworzysz sw\u00f3j autorski kubek odpr\u0119\u017cysz si\u0119 w tw\u00f3rczej, swobodnej atmosferze nauczysz si\u0119 parzenia kawy, kt\u00f3ra smakuje Ci najbardziej dowiesz si\u0119, czym si\u0119 kierowa\u0107 przy wyborze kawy stworzysz co\u015b, co b\u0119dzie codziennie przypomina\u0107 Ci o tym do\u015bwiadczeniu Podczas warsztatu zostaniesz wyposa\u017cony we wszystkie narz\u0119dzia oraz wiedz\u0119, kt\u00f3ra pomo\u017ce Ci stworzy\u0107 sw\u00f3j w\u0142asny kubek ceramiczny od podstaw oraz wypi\u0107 z niego ulubion\u0105, wyselekcjonowan\u0105 przez siebie kaw\u0119. Poka\u017cemy Ci drog\u0119 kawy od uprawy po fili\u017cank\u0119, spr\u00f3bujemy r\u00f3\u017cnych metod parzenia i w prosty spos\u00f3b wprowadzimy Ci\u0119 w \u015bwiat smak\u00f3w oraz aromat\u00f3w, ucz\u0105c, jak \u015bwiadomie wybiera\u0107 kaw\u0119 i rozpoznawa\u0107 jej nuty. Podaruj sobie lub komu\u015b wyj\u0105tkowy czas \u2013 zamiast klasycznych kwiat\u00f3w wybierz do\u015bwiadczenie, kt\u00f3re zostaje na d\u0142u\u017cej. Kiedy: 8\/03\/2026 Gdzie: Gda\u0144sk ul. 3 maja Czas trwania: 2.5h Cena*: 250 z\u0142 *cena obejmuje wszystkie materia\u0142y: glina, narz\u0119dzia, 2 wypa\u0142y w piecu ceramicznym, szkliwienie kubk\u00f3w, degustacja kawy, parzenie kawy r\u00f3\u017cnymi metodami, przek\u0105ski.\" \/>\n<meta property=\"og:url\" content=\"https:\/\/jakcieplo.pl\/en\/product\/warsztaty-ceramiczne-8-03-2026-dzien-kobiet-ii-termin\/\" \/>\n<meta property=\"og:site_name\" content=\"JAK CIEP\u0141O\" \/>\n<meta property=\"article:modified_time\" content=\"2026-03-17T13:27:40+00:00\" \/>\n<meta property=\"og:image\" content=\"https:\/\/jakcieplo.pl\/wp-content\/uploads\/2026\/03\/Bezowy-Nowoczesny-Warsztaty-Ceramiki-Plakat-A3.jpg\" \/>\n\t<meta property=\"og:image:width\" content=\"1414\" \/>\n\t<meta property=\"og:image:height\" content=\"2000\" \/>\n\t<meta property=\"og:image:type\" content=\"image\/jpeg\" \/>\n<meta name=\"twitter:card\" content=\"summary_large_image\" \/>\n<meta name=\"twitter:label1\" content=\"Estimated reading time\" \/>\n\t<meta name=\"twitter:data1\" content=\"1 minute\" \/>\n<script type=\"application\/ld+json\" class=\"yoast-schema-graph\">{\"@context\":\"https:\/\/schema.org\",\"@graph\":[{\"@type\":\"WebPage\",\"@id\":\"https:\/\/jakcieplo.pl\/produkt\/warsztaty-ceramiczne-8-03-2026-dzien-kobiet-ii-termin\/\",\"url\":\"https:\/\/jakcieplo.pl\/produkt\/warsztaty-ceramiczne-8-03-2026-dzien-kobiet-ii-termin\/\",\"name\":\"Warsztaty ceramiczne 8\/03\/2026 DZIE\u0143 KOBIET! ** II TERMIN ** - JAK CIEP\u0141O\",\"isPartOf\":{\"@id\":\"https:\/\/jakcieplo.pl\/#website\"},\"primaryImageOfPage\":{\"@id\":\"https:\/\/jakcieplo.pl\/produkt\/warsztaty-ceramiczne-8-03-2026-dzien-kobiet-ii-termin\/#primaryimage\"},\"image\":{\"@id\":\"https:\/\/jakcieplo.pl\/produkt\/warsztaty-ceramiczne-8-03-2026-dzien-kobiet-ii-termin\/#primaryimage\"},\"thumbnailUrl\":\"https:\/\/jakcieplo.pl\/wp-content\/uploads\/2026\/03\/Bezowy-Nowoczesny-Warsztaty-Ceramiki-Plakat-A3.jpg\",\"datePublished\":\"2026-03-02T20:13:13+00:00\",\"dateModified\":\"2026-03-17T13:27:40+00:00\",\"breadcrumb\":{\"@id\":\"https:\/\/jakcieplo.pl\/produkt\/warsztaty-ceramiczne-8-03-2026-dzien-kobiet-ii-termin\/#breadcrumb\"},\"inLanguage\":\"en-GB\",\"potentialAction\":[{\"@type\":\"ReadAction\",\"target\":[\"https:\/\/jakcieplo.pl\/produkt\/warsztaty-ceramiczne-8-03-2026-dzien-kobiet-ii-termin\/\"]}]},{\"@type\":\"ImageObject\",\"inLanguage\":\"en-GB\",\"@id\":\"https:\/\/jakcieplo.pl\/produkt\/warsztaty-ceramiczne-8-03-2026-dzien-kobiet-ii-termin\/#primaryimage\",\"url\":\"https:\/\/jakcieplo.pl\/wp-content\/uploads\/2026\/03\/Bezowy-Nowoczesny-Warsztaty-Ceramiki-Plakat-A3.jpg\",\"contentUrl\":\"https:\/\/jakcieplo.pl\/wp-content\/uploads\/2026\/03\/Bezowy-Nowoczesny-Warsztaty-Ceramiki-Plakat-A3.jpg\",\"width\":1414,\"height\":2000},{\"@type\":\"BreadcrumbList\",\"@id\":\"https:\/\/jakcieplo.pl\/produkt\/warsztaty-ceramiczne-8-03-2026-dzien-kobiet-ii-termin\/#breadcrumb\",\"itemListElement\":[{\"@type\":\"ListItem\",\"position\":1,\"name\":\"Strona g\u0142\u00f3wna\",\"item\":\"https:\/\/jakcieplo.pl\/\"},{\"@type\":\"ListItem\",\"position\":2,\"name\":\"\u015awiece sojowe oraz warsztaty z ceramiki\",\"item\":\"https:\/\/jakcieplo.pl\/sklep\/\"},{\"@type\":\"ListItem\",\"position\":3,\"name\":\"Warsztaty ceramiczne 8\/03\/2026 DZIE\u0143 KOBIET! ** II TERMIN **\"}]},{\"@type\":\"WebSite\",\"@id\":\"https:\/\/jakcieplo.pl\/#website\",\"url\":\"https:\/\/jakcieplo.pl\/\",\"name\":\"Naturalne \u015bwiece i warsztaty z ceramiki Gda\u0144sk\",\"description\":\"Naturalne \u015bwiece sojowe oraz warsztaty z ceramiki\",\"publisher\":{\"@id\":\"https:\/\/jakcieplo.pl\/#organization\"},\"alternateName\":\"Zapachowe \u015bwiece, warsztaty z ceramiki\",\"potentialAction\":[{\"@type\":\"SearchAction\",\"target\":{\"@type\":\"EntryPoint\",\"urlTemplate\":\"https:\/\/jakcieplo.pl\/?s={search_term_string}\"},\"query-input\":{\"@type\":\"PropertyValueSpecification\",\"valueRequired\":true,\"valueName\":\"search_term_string\"}}],\"inLanguage\":\"en-GB\"},{\"@type\":\"Organization\",\"@id\":\"https:\/\/jakcieplo.pl\/#organization\",\"name\":\"JAKCIEP\u0141O\",\"alternateName\":\"\u015awiece sojowe sklep online, warsztaty z Ceramiki Gda\u0144sk\",\"url\":\"https:\/\/jakcieplo.pl\/\",\"logo\":{\"@type\":\"ImageObject\",\"inLanguage\":\"en-GB\",\"@id\":\"https:\/\/jakcieplo.pl\/#\/schema\/logo\/image\/\",\"url\":\"https:\/\/jakcieplo.pl\/wp-content\/uploads\/2025\/01\/cropped-cropped-logsa2-e1759261422133.webp\",\"contentUrl\":\"https:\/\/jakcieplo.pl\/wp-content\/uploads\/2025\/01\/cropped-cropped-logsa2-e1759261422133.webp\",\"width\":264,\"height\":400,\"caption\":\"JAKCIEP\u0141O\"},\"image\":{\"@id\":\"https:\/\/jakcieplo.pl\/#\/schema\/logo\/image\/\"},\"sameAs\":[\"https:\/\/www.instagram.com\/jak.cieplo\/\",\"https:\/\/www.tiktok.com\/@jak.cieplo?_t=8siAq4mJYyA&_r=1\"]}]}<\/script>\n<!-- \/ Yoast SEO plugin. -->","yoast_head_json":{"title":"Warsztaty ceramiczne 8\/03\/2026 DZIE\u0143 KOBIET! ** II TERMIN ** - JAK CIEP\u0141O","robots":{"index":"index","follow":"follow","max-snippet":"max-snippet:-1","max-image-preview":"max-image-preview:large","max-video-preview":"max-video-preview:-1"},"canonical":"https:\/\/jakcieplo.pl\/en\/product\/warsztaty-ceramiczne-8-03-2026-dzien-kobiet-ii-termin\/","og_locale":"en_GB","og_type":"article","og_title":"Warsztaty ceramiczne 8\/03\/2026 DZIE\u0143 KOBIET! ** II TERMIN ** - JAK CIEP\u0141O","og_description":"**** II\u00a0 TERMIN **** 8 MARCA 15:30-18.00 Z okazji 8 marca zapraszamy JAK CIEP\u0141O x KAWANA\u00a0na wyj\u0105tkowe warsztaty ceramiczne\u00a0ULEP SOBIE KUBEK \/ NAUCZ SI\u0118 PARZY\u0106 KAW\u0118\u00a0\u2013 spotkanie, w kt\u00f3rym \u0142\u0105czymy rzemios\u0142o ceramiczne ze sztuk\u0105 parzenia kawy. To przestrze\u0144 dla wszystkich \u2013 dziewczyn i ch\u0142opak\u00f3w, par i singli, przyjaci\u00f3\u0142 i rodzin. Bo Dzie\u0144 Kobiet to nie tylko \u015bwi\u0119to, ale te\u017c wspania\u0142a okazja do bycia razem. Podczas warsztat\u00f3w: zanurzysz d\u0142onie w glinie i stworzysz sw\u00f3j autorski kubek odpr\u0119\u017cysz si\u0119 w tw\u00f3rczej, swobodnej atmosferze nauczysz si\u0119 parzenia kawy, kt\u00f3ra smakuje Ci najbardziej dowiesz si\u0119, czym si\u0119 kierowa\u0107 przy wyborze kawy stworzysz co\u015b, co b\u0119dzie codziennie przypomina\u0107 Ci o tym do\u015bwiadczeniu Podczas warsztatu zostaniesz wyposa\u017cony we wszystkie narz\u0119dzia oraz wiedz\u0119, kt\u00f3ra pomo\u017ce Ci stworzy\u0107 sw\u00f3j w\u0142asny kubek ceramiczny od podstaw oraz wypi\u0107 z niego ulubion\u0105, wyselekcjonowan\u0105 przez siebie kaw\u0119. Poka\u017cemy Ci drog\u0119 kawy od uprawy po fili\u017cank\u0119, spr\u00f3bujemy r\u00f3\u017cnych metod parzenia i w prosty spos\u00f3b wprowadzimy Ci\u0119 w \u015bwiat smak\u00f3w oraz aromat\u00f3w, ucz\u0105c, jak \u015bwiadomie wybiera\u0107 kaw\u0119 i rozpoznawa\u0107 jej nuty. Podaruj sobie lub komu\u015b wyj\u0105tkowy czas \u2013 zamiast klasycznych kwiat\u00f3w wybierz do\u015bwiadczenie, kt\u00f3re zostaje na d\u0142u\u017cej. Kiedy: 8\/03\/2026 Gdzie: Gda\u0144sk ul. 3 maja Czas trwania: 2.5h Cena*: 250 z\u0142 *cena obejmuje wszystkie materia\u0142y: glina, narz\u0119dzia, 2 wypa\u0142y w piecu ceramicznym, szkliwienie kubk\u00f3w, degustacja kawy, parzenie kawy r\u00f3\u017cnymi metodami, przek\u0105ski.","og_url":"https:\/\/jakcieplo.pl\/en\/product\/warsztaty-ceramiczne-8-03-2026-dzien-kobiet-ii-termin\/","og_site_name":"JAK CIEP\u0141O","article_modified_time":"2026-03-17T13:27:40+00:00","og_image":[{"width":1414,"height":2000,"url":"https:\/\/jakcieplo.pl\/wp-content\/uploads\/2026\/03\/Bezowy-Nowoczesny-Warsztaty-Ceramiki-Plakat-A3.jpg","type":"image\/jpeg"}],"twitter_card":"summary_large_image","twitter_misc":{"Estimated reading time":"1 minute"},"schema":{"@context":"https:\/\/schema.org","@graph":[{"@type":"WebPage","@id":"https:\/\/jakcieplo.pl\/produkt\/warsztaty-ceramiczne-8-03-2026-dzien-kobiet-ii-termin\/","url":"https:\/\/jakcieplo.pl\/produkt\/warsztaty-ceramiczne-8-03-2026-dzien-kobiet-ii-termin\/","name":"Warsztaty ceramiczne 8\/03\/2026 DZIE\u0143 KOBIET! ** II TERMIN ** - JAK CIEP\u0141O","isPartOf":{"@id":"https:\/\/jakcieplo.pl\/#website"},"primaryImageOfPage":{"@id":"https:\/\/jakcieplo.pl\/produkt\/warsztaty-ceramiczne-8-03-2026-dzien-kobiet-ii-termin\/#primaryimage"},"image":{"@id":"https:\/\/jakcieplo.pl\/produkt\/warsztaty-ceramiczne-8-03-2026-dzien-kobiet-ii-termin\/#primaryimage"},"thumbnailUrl":"https:\/\/jakcieplo.pl\/wp-content\/uploads\/2026\/03\/Bezowy-Nowoczesny-Warsztaty-Ceramiki-Plakat-A3.jpg","datePublished":"2026-03-02T20:13:13+00:00","dateModified":"2026-03-17T13:27:40+00:00","breadcrumb":{"@id":"https:\/\/jakcieplo.pl\/produkt\/warsztaty-ceramiczne-8-03-2026-dzien-kobiet-ii-termin\/#breadcrumb"},"inLanguage":"en-GB","potentialAction":[{"@type":"ReadAction","target":["https:\/\/jakcieplo.pl\/produkt\/warsztaty-ceramiczne-8-03-2026-dzien-kobiet-ii-termin\/"]}]},{"@type":"ImageObject","inLanguage":"en-GB","@id":"https:\/\/jakcieplo.pl\/produkt\/warsztaty-ceramiczne-8-03-2026-dzien-kobiet-ii-termin\/#primaryimage","url":"https:\/\/jakcieplo.pl\/wp-content\/uploads\/2026\/03\/Bezowy-Nowoczesny-Warsztaty-Ceramiki-Plakat-A3.jpg","contentUrl":"https:\/\/jakcieplo.pl\/wp-content\/uploads\/2026\/03\/Bezowy-Nowoczesny-Warsztaty-Ceramiki-Plakat-A3.jpg","width":1414,"height":2000},{"@type":"BreadcrumbList","@id":"https:\/\/jakcieplo.pl\/produkt\/warsztaty-ceramiczne-8-03-2026-dzien-kobiet-ii-termin\/#breadcrumb","itemListElement":[{"@type":"ListItem","position":1,"name":"Strona g\u0142\u00f3wna","item":"https:\/\/jakcieplo.pl\/"},{"@type":"ListItem","position":2,"name":"\u015awiece sojowe oraz warsztaty z ceramiki","item":"https:\/\/jakcieplo.pl\/sklep\/"},{"@type":"ListItem","position":3,"name":"Warsztaty ceramiczne 8\/03\/2026 DZIE\u0143 KOBIET! ** II TERMIN **"}]},{"@type":"WebSite","@id":"https:\/\/jakcieplo.pl\/#website","url":"https:\/\/jakcieplo.pl\/","name":"Naturalne \u015bwiece i warsztaty z ceramiki Gda\u0144sk","description":"Naturalne \u015bwiece sojowe oraz warsztaty z ceramiki","publisher":{"@id":"https:\/\/jakcieplo.pl\/#organization"},"alternateName":"Zapachowe \u015bwiece, warsztaty z ceramiki","potentialAction":[{"@type":"SearchAction","target":{"@type":"EntryPoint","urlTemplate":"https:\/\/jakcieplo.pl\/?s={search_term_string}"},"query-input":{"@type":"PropertyValueSpecification","valueRequired":true,"valueName":"search_term_string"}}],"inLanguage":"en-GB"},{"@type":"Organization","@id":"https:\/\/jakcieplo.pl\/#organization","name":"JAKCIEP\u0141O","alternateName":"\u015awiece sojowe sklep online, warsztaty z Ceramiki Gda\u0144sk","url":"https:\/\/jakcieplo.pl\/","logo":{"@type":"ImageObject","inLanguage":"en-GB","@id":"https:\/\/jakcieplo.pl\/#\/schema\/logo\/image\/","url":"https:\/\/jakcieplo.pl\/wp-content\/uploads\/2025\/01\/cropped-cropped-logsa2-e1759261422133.webp","contentUrl":"https:\/\/jakcieplo.pl\/wp-content\/uploads\/2025\/01\/cropped-cropped-logsa2-e1759261422133.webp","width":264,"height":400,"caption":"JAKCIEP\u0141O"},"image":{"@id":"https:\/\/jakcieplo.pl\/#\/schema\/logo\/image\/"},"sameAs":["https:\/\/www.instagram.com\/jak.cieplo\/","https:\/\/www.tiktok.com\/@jak.cieplo?_t=8siAq4mJYyA&_r=1"]}]}},"_links":{"self":[{"href":"https:\/\/jakcieplo.pl\/en\/wp-json\/wp\/v2\/product\/4671","targetHints":{"allow":["GET"]}}],"collection":[{"href":"https:\/\/jakcieplo.pl\/en\/wp-json\/wp\/v2\/product"}],"about":[{"href":"https:\/\/jakcieplo.pl\/en\/wp-json\/wp\/v2\/types\/product"}],"wp:featuredmedia":[{"embeddable":true,"href":"https:\/\/jakcieplo.pl\/en\/wp-json\/wp\/v2\/media\/4672"}],"wp:attachment":[{"href":"https:\/\/jakcieplo.pl\/en\/wp-json\/wp\/v2\/media?parent=4671"}],"wp:term":[{"taxonomy":"product_brand","embeddable":true,"href":"https:\/\/jakcieplo.pl\/en\/wp-json\/wp\/v2\/product_brand?post=4671"},{"taxonomy":"product_cat","embeddable":true,"href":"https:\/\/jakcieplo.pl\/en\/wp-json\/wp\/v2\/product_cat?post=4671"},{"taxonomy":"product_tag","embeddable":true,"href":"https:\/\/jakcieplo.pl\/en\/wp-json\/wp\/v2\/product_tag?post=4671"}],"curies":[{"name":"wp","href":"https:\/\/api.w.org\/{rel}","templated":true}]}}