{"id":4684,"date":"2026-03-17T14:28:08","date_gmt":"2026-03-17T13:28:08","guid":{"rendered":"https:\/\/jakcieplo.pl\/?post_type=product&#038;p=4684"},"modified":"2026-03-19T21:10:39","modified_gmt":"2026-03-19T20:10:39","slug":"warsztaty-ceramiczne-ulep-sobie-dripper-naucz-sie-parzyc-kawe-28-03-2026","status":"publish","type":"product","link":"https:\/\/jakcieplo.pl\/en\/product\/warsztaty-ceramiczne-ulep-sobie-dripper-naucz-sie-parzyc-kawe-28-03-2026\/","title":{"rendered":"Warsztaty ceramiczne ULEP SOBIE DRIPPER \/ NAUCZ SI\u0118 PARZY\u0106 KAW\u0118 28\/03\/2026"},"content":{"rendered":"<p><i><span style=\"font-weight: 400;\">If you're looking for a unique gift, this option is for you!<\/span><\/i><i><span style=\"font-weight: 400;\"><br \/>\n<\/span><\/i><i><span style=\"font-weight: 400;\">skontaktuj si\u0119 ze mn\u0105 w celu um\u00f3wienia warsztat\u00f3w \u2013 <\/span><\/i><b><i>787\u00a0789\u00a0005.<\/i><\/b><i><span style=\"font-weight: 400;\"><br \/>\n<\/span><\/i><i><span style=\"font-weight: 400;\"><br \/>\n<\/span><\/i><\/p>","protected":false},"excerpt":{"rendered":"<p style=\"font-weight: 400;\">28\/03\/2026<br \/>\n12.30-15.00<\/p>\n<p style=\"font-weight: 400;\"><em>JAK CIEP\u0141O x KAWANA<\/em> zapraszaj\u0105 na wyj\u0105tkowe warsztaty ceramiczne <strong>ULEP SOBIE DRIPPER \/ NAUCZ SI\u0118 PARZY\u0106 KAW\u0118<\/strong>\u00a0\u2013 spotkanie, w kt\u00f3rym \u0142\u0105czymy rzemios\u0142o ceramiczne ze sztuk\u0105 parzenia kawy..<\/p>\n<p style=\"font-weight: 400;\">Podczas warsztat\u00f3w:<br \/>\nzanurzysz d\u0142onie w glinie i stworzysz sw\u00f3j autorski DRIPPER<br \/>\nodpr\u0119\u017cysz si\u0119 w tw\u00f3rczej, swobodnej atmosferze<br \/>\nnauczysz si\u0119 parzenia kawy, kt\u00f3ra smakuje Ci najbardziej<br \/>\ndowiesz si\u0119, czym si\u0119 kierowa\u0107 przy wyborze kawy<br \/>\nstworzysz co\u015b, co b\u0119dzie codziennie przypomina\u0107 Ci o tym do\u015bwiadczeniu<\/p>\n<p style=\"font-weight: 400;\">Podczas warsztatu zostaniesz wyposa\u017cony we wszystkie narz\u0119dzia oraz wiedz\u0119, kt\u00f3ra pomo\u017ce Ci stworzy\u0107 sw\u00f3j w\u0142asny ceramiczny DRIPPER V60\u00a0 oraz zaparzy\u0107 z niego ulubion\u0105, wyselekcjonowan\u0105 przez siebie kaw\u0119. Poka\u017cemy Ci drog\u0119 kawy od uprawy po fili\u017cank\u0119, spr\u00f3bujemy r\u00f3\u017cnych metod parzenia i w prosty spos\u00f3b wprowadzimy Ci\u0119 w \u015bwiat smak\u00f3w oraz aromat\u00f3w, ucz\u0105c, jak \u015bwiadomie wybiera\u0107 kaw\u0119 i rozpoznawa\u0107 jej nuty.<\/p>\n<p style=\"font-weight: 400;\">Kiedy: 28\/03\/2026<br \/>\nGdzie: Gda\u0144sk ul. 3 maja<br \/>\nCzas trwania: 2.5h<br \/>\nCena*: 250 z\u0142<\/p>\n<p>*cena obejmuje wszystkie materia\u0142y: glina, narz\u0119dzia, 2 wypa\u0142y w piecu ceramicznym, szkliwienie dripper\u00f3w, degustacja kawy, parzenie kawy r\u00f3\u017cnymi metodami.<\/p>","protected":false},"featured_media":4685,"template":"","meta":{"_kad_post_transparent":"default","_kad_post_title":"","_kad_post_layout":"default","_kad_post_sidebar_id":"","_kad_post_content_style":"default","_kad_post_vertical_padding":"default","_kad_post_feature":"","_kad_post_feature_position":"","_kad_post_header":false,"_kad_post_footer":false,"_kad_post_classname":""},"product_brand":[],"product_cat":[29],"product_tag":[],"class_list":{"0":"post-4684","1":"product","2":"type-product","3":"status-publish","4":"has-post-thumbnail","6":"product_cat-warsztaty","8":"first","9":"instock","10":"virtual","11":"purchasable","12":"product-type-simple","13":"entry","14":"content-bg","15":"loop-entry"},"yoast_head":"<!-- This site is optimized with the Yoast SEO plugin v26.6 - https:\/\/yoast.com\/wordpress\/plugins\/seo\/ -->\n<title>Warsztaty ceramiczne ULEP SOBIE DRIPPER \/ NAUCZ SI\u0118 PARZY\u0106 KAW\u0118 28\/03\/2026 - JAK CIEP\u0141O<\/title>\n<meta name=\"robots\" content=\"index, follow, max-snippet:-1, max-image-preview:large, max-video-preview:-1\" \/>\n<link rel=\"canonical\" href=\"https:\/\/jakcieplo.pl\/en\/product\/warsztaty-ceramiczne-ulep-sobie-dripper-naucz-sie-parzyc-kawe-28-03-2026\/\" \/>\n<meta property=\"og:locale\" content=\"en_GB\" \/>\n<meta property=\"og:type\" content=\"article\" \/>\n<meta property=\"og:title\" content=\"Warsztaty ceramiczne ULEP SOBIE DRIPPER \/ NAUCZ SI\u0118 PARZY\u0106 KAW\u0118 28\/03\/2026 - JAK CIEP\u0141O\" \/>\n<meta property=\"og:description\" content=\"28\/03\/2026 12.30-15.00 JAK CIEP\u0141O x KAWANA zapraszaj\u0105 na wyj\u0105tkowe warsztaty ceramiczne ULEP SOBIE DRIPPER \/ NAUCZ SI\u0118 PARZY\u0106 KAW\u0118\u00a0\u2013 spotkanie, w kt\u00f3rym \u0142\u0105czymy rzemios\u0142o ceramiczne ze sztuk\u0105 parzenia kawy.. Podczas warsztat\u00f3w: zanurzysz d\u0142onie w glinie i stworzysz sw\u00f3j autorski DRIPPER odpr\u0119\u017cysz si\u0119 w tw\u00f3rczej, swobodnej atmosferze nauczysz si\u0119 parzenia kawy, kt\u00f3ra smakuje Ci najbardziej dowiesz si\u0119, czym si\u0119 kierowa\u0107 przy wyborze kawy stworzysz co\u015b, co b\u0119dzie codziennie przypomina\u0107 Ci o tym do\u015bwiadczeniu Podczas warsztatu zostaniesz wyposa\u017cony we wszystkie narz\u0119dzia oraz wiedz\u0119, kt\u00f3ra pomo\u017ce Ci stworzy\u0107 sw\u00f3j w\u0142asny ceramiczny DRIPPER V60\u00a0 oraz zaparzy\u0107 z niego ulubion\u0105, wyselekcjonowan\u0105 przez siebie kaw\u0119. Poka\u017cemy Ci drog\u0119 kawy od uprawy po fili\u017cank\u0119, spr\u00f3bujemy r\u00f3\u017cnych metod parzenia i w prosty spos\u00f3b wprowadzimy Ci\u0119 w \u015bwiat smak\u00f3w oraz aromat\u00f3w, ucz\u0105c, jak \u015bwiadomie wybiera\u0107 kaw\u0119 i rozpoznawa\u0107 jej nuty. Kiedy: 28\/03\/2026 Gdzie: Gda\u0144sk ul. 3 maja Czas trwania: 2.5h Cena*: 250 z\u0142 *cena obejmuje wszystkie materia\u0142y: glina, narz\u0119dzia, 2 wypa\u0142y w piecu ceramicznym, szkliwienie dripper\u00f3w, degustacja kawy, parzenie kawy r\u00f3\u017cnymi metodami.\" \/>\n<meta property=\"og:url\" content=\"https:\/\/jakcieplo.pl\/en\/product\/warsztaty-ceramiczne-ulep-sobie-dripper-naucz-sie-parzyc-kawe-28-03-2026\/\" \/>\n<meta property=\"og:site_name\" content=\"JAK CIEP\u0141O\" \/>\n<meta property=\"article:modified_time\" content=\"2026-03-19T20:10:39+00:00\" \/>\n<meta property=\"og:image\" content=\"https:\/\/jakcieplo.pl\/wp-content\/uploads\/2026\/03\/1.jpg\" \/>\n\t<meta property=\"og:image:width\" content=\"1414\" \/>\n\t<meta property=\"og:image:height\" content=\"2000\" \/>\n\t<meta property=\"og:image:type\" content=\"image\/jpeg\" \/>\n<meta name=\"twitter:card\" content=\"summary_large_image\" \/>\n<meta name=\"twitter:label1\" content=\"Estimated reading time\" \/>\n\t<meta name=\"twitter:data1\" content=\"1 minute\" \/>\n<script type=\"application\/ld+json\" class=\"yoast-schema-graph\">{\"@context\":\"https:\/\/schema.org\",\"@graph\":[{\"@type\":\"WebPage\",\"@id\":\"https:\/\/jakcieplo.pl\/produkt\/warsztaty-ceramiczne-ulep-sobie-dripper-naucz-sie-parzyc-kawe-28-03-2026\/\",\"url\":\"https:\/\/jakcieplo.pl\/produkt\/warsztaty-ceramiczne-ulep-sobie-dripper-naucz-sie-parzyc-kawe-28-03-2026\/\",\"name\":\"Warsztaty ceramiczne ULEP SOBIE DRIPPER \/ NAUCZ SI\u0118 PARZY\u0106 KAW\u0118 28\/03\/2026 - JAK CIEP\u0141O\",\"isPartOf\":{\"@id\":\"https:\/\/jakcieplo.pl\/#website\"},\"primaryImageOfPage\":{\"@id\":\"https:\/\/jakcieplo.pl\/produkt\/warsztaty-ceramiczne-ulep-sobie-dripper-naucz-sie-parzyc-kawe-28-03-2026\/#primaryimage\"},\"image\":{\"@id\":\"https:\/\/jakcieplo.pl\/produkt\/warsztaty-ceramiczne-ulep-sobie-dripper-naucz-sie-parzyc-kawe-28-03-2026\/#primaryimage\"},\"thumbnailUrl\":\"https:\/\/jakcieplo.pl\/wp-content\/uploads\/2026\/03\/1.jpg\",\"datePublished\":\"2026-03-17T13:28:08+00:00\",\"dateModified\":\"2026-03-19T20:10:39+00:00\",\"breadcrumb\":{\"@id\":\"https:\/\/jakcieplo.pl\/produkt\/warsztaty-ceramiczne-ulep-sobie-dripper-naucz-sie-parzyc-kawe-28-03-2026\/#breadcrumb\"},\"inLanguage\":\"en-GB\",\"potentialAction\":[{\"@type\":\"ReadAction\",\"target\":[\"https:\/\/jakcieplo.pl\/produkt\/warsztaty-ceramiczne-ulep-sobie-dripper-naucz-sie-parzyc-kawe-28-03-2026\/\"]}]},{\"@type\":\"ImageObject\",\"inLanguage\":\"en-GB\",\"@id\":\"https:\/\/jakcieplo.pl\/produkt\/warsztaty-ceramiczne-ulep-sobie-dripper-naucz-sie-parzyc-kawe-28-03-2026\/#primaryimage\",\"url\":\"https:\/\/jakcieplo.pl\/wp-content\/uploads\/2026\/03\/1.jpg\",\"contentUrl\":\"https:\/\/jakcieplo.pl\/wp-content\/uploads\/2026\/03\/1.jpg\",\"width\":1414,\"height\":2000},{\"@type\":\"BreadcrumbList\",\"@id\":\"https:\/\/jakcieplo.pl\/produkt\/warsztaty-ceramiczne-ulep-sobie-dripper-naucz-sie-parzyc-kawe-28-03-2026\/#breadcrumb\",\"itemListElement\":[{\"@type\":\"ListItem\",\"position\":1,\"name\":\"Strona g\u0142\u00f3wna\",\"item\":\"https:\/\/jakcieplo.pl\/\"},{\"@type\":\"ListItem\",\"position\":2,\"name\":\"\u015awiece sojowe oraz warsztaty z ceramiki\",\"item\":\"https:\/\/jakcieplo.pl\/sklep\/\"},{\"@type\":\"ListItem\",\"position\":3,\"name\":\"Warsztaty ceramiczne ULEP SOBIE DRIPPER \/ NAUCZ SI\u0118 PARZY\u0106 KAW\u0118 28\/03\/2026\"}]},{\"@type\":\"WebSite\",\"@id\":\"https:\/\/jakcieplo.pl\/#website\",\"url\":\"https:\/\/jakcieplo.pl\/\",\"name\":\"Naturalne \u015bwiece i warsztaty z ceramiki Gda\u0144sk\",\"description\":\"Naturalne \u015bwiece sojowe oraz warsztaty z ceramiki\",\"publisher\":{\"@id\":\"https:\/\/jakcieplo.pl\/#organization\"},\"alternateName\":\"Zapachowe \u015bwiece, warsztaty z ceramiki\",\"potentialAction\":[{\"@type\":\"SearchAction\",\"target\":{\"@type\":\"EntryPoint\",\"urlTemplate\":\"https:\/\/jakcieplo.pl\/?s={search_term_string}\"},\"query-input\":{\"@type\":\"PropertyValueSpecification\",\"valueRequired\":true,\"valueName\":\"search_term_string\"}}],\"inLanguage\":\"en-GB\"},{\"@type\":\"Organization\",\"@id\":\"https:\/\/jakcieplo.pl\/#organization\",\"name\":\"JAKCIEP\u0141O\",\"alternateName\":\"\u015awiece sojowe sklep online, warsztaty z Ceramiki Gda\u0144sk\",\"url\":\"https:\/\/jakcieplo.pl\/\",\"logo\":{\"@type\":\"ImageObject\",\"inLanguage\":\"en-GB\",\"@id\":\"https:\/\/jakcieplo.pl\/#\/schema\/logo\/image\/\",\"url\":\"https:\/\/jakcieplo.pl\/wp-content\/uploads\/2025\/01\/cropped-cropped-logsa2-e1759261422133.webp\",\"contentUrl\":\"https:\/\/jakcieplo.pl\/wp-content\/uploads\/2025\/01\/cropped-cropped-logsa2-e1759261422133.webp\",\"width\":264,\"height\":400,\"caption\":\"JAKCIEP\u0141O\"},\"image\":{\"@id\":\"https:\/\/jakcieplo.pl\/#\/schema\/logo\/image\/\"},\"sameAs\":[\"https:\/\/www.instagram.com\/jak.cieplo\/\",\"https:\/\/www.tiktok.com\/@jak.cieplo?_t=8siAq4mJYyA&_r=1\"]}]}<\/script>\n<!-- \/ Yoast SEO plugin. -->","yoast_head_json":{"title":"Warsztaty ceramiczne ULEP SOBIE DRIPPER \/ NAUCZ SI\u0118 PARZY\u0106 KAW\u0118 28\/03\/2026 - JAK CIEP\u0141O","robots":{"index":"index","follow":"follow","max-snippet":"max-snippet:-1","max-image-preview":"max-image-preview:large","max-video-preview":"max-video-preview:-1"},"canonical":"https:\/\/jakcieplo.pl\/en\/product\/warsztaty-ceramiczne-ulep-sobie-dripper-naucz-sie-parzyc-kawe-28-03-2026\/","og_locale":"en_GB","og_type":"article","og_title":"Warsztaty ceramiczne ULEP SOBIE DRIPPER \/ NAUCZ SI\u0118 PARZY\u0106 KAW\u0118 28\/03\/2026 - JAK CIEP\u0141O","og_description":"28\/03\/2026 12.30-15.00 JAK CIEP\u0141O x KAWANA zapraszaj\u0105 na wyj\u0105tkowe warsztaty ceramiczne ULEP SOBIE DRIPPER \/ NAUCZ SI\u0118 PARZY\u0106 KAW\u0118\u00a0\u2013 spotkanie, w kt\u00f3rym \u0142\u0105czymy rzemios\u0142o ceramiczne ze sztuk\u0105 parzenia kawy.. Podczas warsztat\u00f3w: zanurzysz d\u0142onie w glinie i stworzysz sw\u00f3j autorski DRIPPER odpr\u0119\u017cysz si\u0119 w tw\u00f3rczej, swobodnej atmosferze nauczysz si\u0119 parzenia kawy, kt\u00f3ra smakuje Ci najbardziej dowiesz si\u0119, czym si\u0119 kierowa\u0107 przy wyborze kawy stworzysz co\u015b, co b\u0119dzie codziennie przypomina\u0107 Ci o tym do\u015bwiadczeniu Podczas warsztatu zostaniesz wyposa\u017cony we wszystkie narz\u0119dzia oraz wiedz\u0119, kt\u00f3ra pomo\u017ce Ci stworzy\u0107 sw\u00f3j w\u0142asny ceramiczny DRIPPER V60\u00a0 oraz zaparzy\u0107 z niego ulubion\u0105, wyselekcjonowan\u0105 przez siebie kaw\u0119. Poka\u017cemy Ci drog\u0119 kawy od uprawy po fili\u017cank\u0119, spr\u00f3bujemy r\u00f3\u017cnych metod parzenia i w prosty spos\u00f3b wprowadzimy Ci\u0119 w \u015bwiat smak\u00f3w oraz aromat\u00f3w, ucz\u0105c, jak \u015bwiadomie wybiera\u0107 kaw\u0119 i rozpoznawa\u0107 jej nuty. Kiedy: 28\/03\/2026 Gdzie: Gda\u0144sk ul. 3 maja Czas trwania: 2.5h Cena*: 250 z\u0142 *cena obejmuje wszystkie materia\u0142y: glina, narz\u0119dzia, 2 wypa\u0142y w piecu ceramicznym, szkliwienie dripper\u00f3w, degustacja kawy, parzenie kawy r\u00f3\u017cnymi metodami.","og_url":"https:\/\/jakcieplo.pl\/en\/product\/warsztaty-ceramiczne-ulep-sobie-dripper-naucz-sie-parzyc-kawe-28-03-2026\/","og_site_name":"JAK CIEP\u0141O","article_modified_time":"2026-03-19T20:10:39+00:00","og_image":[{"width":1414,"height":2000,"url":"https:\/\/jakcieplo.pl\/wp-content\/uploads\/2026\/03\/1.jpg","type":"image\/jpeg"}],"twitter_card":"summary_large_image","twitter_misc":{"Estimated reading time":"1 minute"},"schema":{"@context":"https:\/\/schema.org","@graph":[{"@type":"WebPage","@id":"https:\/\/jakcieplo.pl\/produkt\/warsztaty-ceramiczne-ulep-sobie-dripper-naucz-sie-parzyc-kawe-28-03-2026\/","url":"https:\/\/jakcieplo.pl\/produkt\/warsztaty-ceramiczne-ulep-sobie-dripper-naucz-sie-parzyc-kawe-28-03-2026\/","name":"Warsztaty ceramiczne ULEP SOBIE DRIPPER \/ NAUCZ SI\u0118 PARZY\u0106 KAW\u0118 28\/03\/2026 - JAK CIEP\u0141O","isPartOf":{"@id":"https:\/\/jakcieplo.pl\/#website"},"primaryImageOfPage":{"@id":"https:\/\/jakcieplo.pl\/produkt\/warsztaty-ceramiczne-ulep-sobie-dripper-naucz-sie-parzyc-kawe-28-03-2026\/#primaryimage"},"image":{"@id":"https:\/\/jakcieplo.pl\/produkt\/warsztaty-ceramiczne-ulep-sobie-dripper-naucz-sie-parzyc-kawe-28-03-2026\/#primaryimage"},"thumbnailUrl":"https:\/\/jakcieplo.pl\/wp-content\/uploads\/2026\/03\/1.jpg","datePublished":"2026-03-17T13:28:08+00:00","dateModified":"2026-03-19T20:10:39+00:00","breadcrumb":{"@id":"https:\/\/jakcieplo.pl\/produkt\/warsztaty-ceramiczne-ulep-sobie-dripper-naucz-sie-parzyc-kawe-28-03-2026\/#breadcrumb"},"inLanguage":"en-GB","potentialAction":[{"@type":"ReadAction","target":["https:\/\/jakcieplo.pl\/produkt\/warsztaty-ceramiczne-ulep-sobie-dripper-naucz-sie-parzyc-kawe-28-03-2026\/"]}]},{"@type":"ImageObject","inLanguage":"en-GB","@id":"https:\/\/jakcieplo.pl\/produkt\/warsztaty-ceramiczne-ulep-sobie-dripper-naucz-sie-parzyc-kawe-28-03-2026\/#primaryimage","url":"https:\/\/jakcieplo.pl\/wp-content\/uploads\/2026\/03\/1.jpg","contentUrl":"https:\/\/jakcieplo.pl\/wp-content\/uploads\/2026\/03\/1.jpg","width":1414,"height":2000},{"@type":"BreadcrumbList","@id":"https:\/\/jakcieplo.pl\/produkt\/warsztaty-ceramiczne-ulep-sobie-dripper-naucz-sie-parzyc-kawe-28-03-2026\/#breadcrumb","itemListElement":[{"@type":"ListItem","position":1,"name":"Strona g\u0142\u00f3wna","item":"https:\/\/jakcieplo.pl\/"},{"@type":"ListItem","position":2,"name":"\u015awiece sojowe oraz warsztaty z ceramiki","item":"https:\/\/jakcieplo.pl\/sklep\/"},{"@type":"ListItem","position":3,"name":"Warsztaty ceramiczne ULEP SOBIE DRIPPER \/ NAUCZ SI\u0118 PARZY\u0106 KAW\u0118 28\/03\/2026"}]},{"@type":"WebSite","@id":"https:\/\/jakcieplo.pl\/#website","url":"https:\/\/jakcieplo.pl\/","name":"Naturalne \u015bwiece i warsztaty z ceramiki Gda\u0144sk","description":"Naturalne \u015bwiece sojowe oraz warsztaty z ceramiki","publisher":{"@id":"https:\/\/jakcieplo.pl\/#organization"},"alternateName":"Zapachowe \u015bwiece, warsztaty z ceramiki","potentialAction":[{"@type":"SearchAction","target":{"@type":"EntryPoint","urlTemplate":"https:\/\/jakcieplo.pl\/?s={search_term_string}"},"query-input":{"@type":"PropertyValueSpecification","valueRequired":true,"valueName":"search_term_string"}}],"inLanguage":"en-GB"},{"@type":"Organization","@id":"https:\/\/jakcieplo.pl\/#organization","name":"JAKCIEP\u0141O","alternateName":"\u015awiece sojowe sklep online, warsztaty z Ceramiki Gda\u0144sk","url":"https:\/\/jakcieplo.pl\/","logo":{"@type":"ImageObject","inLanguage":"en-GB","@id":"https:\/\/jakcieplo.pl\/#\/schema\/logo\/image\/","url":"https:\/\/jakcieplo.pl\/wp-content\/uploads\/2025\/01\/cropped-cropped-logsa2-e1759261422133.webp","contentUrl":"https:\/\/jakcieplo.pl\/wp-content\/uploads\/2025\/01\/cropped-cropped-logsa2-e1759261422133.webp","width":264,"height":400,"caption":"JAKCIEP\u0141O"},"image":{"@id":"https:\/\/jakcieplo.pl\/#\/schema\/logo\/image\/"},"sameAs":["https:\/\/www.instagram.com\/jak.cieplo\/","https:\/\/www.tiktok.com\/@jak.cieplo?_t=8siAq4mJYyA&_r=1"]}]}},"_links":{"self":[{"href":"https:\/\/jakcieplo.pl\/en\/wp-json\/wp\/v2\/product\/4684","targetHints":{"allow":["GET"]}}],"collection":[{"href":"https:\/\/jakcieplo.pl\/en\/wp-json\/wp\/v2\/product"}],"about":[{"href":"https:\/\/jakcieplo.pl\/en\/wp-json\/wp\/v2\/types\/product"}],"wp:featuredmedia":[{"embeddable":true,"href":"https:\/\/jakcieplo.pl\/en\/wp-json\/wp\/v2\/media\/4685"}],"wp:attachment":[{"href":"https:\/\/jakcieplo.pl\/en\/wp-json\/wp\/v2\/media?parent=4684"}],"wp:term":[{"taxonomy":"product_brand","embeddable":true,"href":"https:\/\/jakcieplo.pl\/en\/wp-json\/wp\/v2\/product_brand?post=4684"},{"taxonomy":"product_cat","embeddable":true,"href":"https:\/\/jakcieplo.pl\/en\/wp-json\/wp\/v2\/product_cat?post=4684"},{"taxonomy":"product_tag","embeddable":true,"href":"https:\/\/jakcieplo.pl\/en\/wp-json\/wp\/v2\/product_tag?post=4684"}],"curies":[{"name":"wp","href":"https:\/\/api.w.org\/{rel}","templated":true}]}}